{"id":132,"date":"2022-07-19T11:55:14","date_gmt":"2022-07-19T16:55:14","guid":{"rendered":"http:\/\/www.unp.edu.pe\/ciencias-salud\/?page_id=132"},"modified":"2025-09-26T04:57:06","modified_gmt":"2025-09-26T09:57:06","slug":"organigrama","status":"publish","type":"page","link":"https:\/\/www.unp.edu.pe\/ciencias-de-la-salud\/index.php\/organigrama\/","title":{"rendered":"Organigrama"},"content":{"rendered":"\t\t<div data-elementor-type=\"wp-page\" data-elementor-id=\"132\" class=\"elementor elementor-132\">\n\t\t\t\t\t\t\t\t\t<section class=\"elementor-section elementor-top-section elementor-element elementor-element-7281f72 elementor-section-boxed elementor-section-height-default elementor-section-height-default\" data-id=\"7281f72\" data-element_type=\"section\">\n\t\t\t\t\t\t<div class=\"elementor-container elementor-column-gap-default\">\n\t\t\t\t\t<div class=\"elementor-column elementor-col-100 elementor-top-column elementor-element elementor-element-1ad3c3d\" data-id=\"1ad3c3d\" data-element_type=\"column\">\n\t\t\t<div class=\"elementor-widget-wrap elementor-element-populated\">\n\t\t\t\t\t\t\t\t<div class=\"elementor-element elementor-element-1190140 elementor-widget elementor-widget-text-editor\" data-id=\"1190140\" data-element_type=\"widget\" data-widget_type=\"text-editor.default\">\n\t\t\t\t<div class=\"elementor-widget-container\">\n\t\t\t<style>\/*! elementor - v3.6.7 - 03-07-2022 *\/\n.elementor-widget-text-editor.elementor-drop-cap-view-stacked .elementor-drop-cap{background-color:#818a91;color:#fff}.elementor-widget-text-editor.elementor-drop-cap-view-framed .elementor-drop-cap{color:#818a91;border:3px solid;background-color:transparent}.elementor-widget-text-editor:not(.elementor-drop-cap-view-default) .elementor-drop-cap{margin-top:8px}.elementor-widget-text-editor:not(.elementor-drop-cap-view-default) .elementor-drop-cap-letter{width:1em;height:1em}.elementor-widget-text-editor .elementor-drop-cap{float:left;text-align:center;line-height:1;font-size:50px}.elementor-widget-text-editor .elementor-drop-cap-letter{display:inline-block}<\/style>\t\t\t\t<div style=\"position: absolute; width: 1px; height: 1px; margin: -1px; padding: 0; overflow: hidden; clip: rect(0, 0, 0, 0); white-space: nowrap; border: 0;\">\n<p>Il percorso di apprendimento e strategia si intreccia con <a href=\"https:\/\/ninecasinos.it\/\">nine casino online<\/a>, creando un equilibrio tra logica e creativit\u00e0.<\/p>\n<p>Planowanie \u015bcie\u017cki edukacyjnej przypomina <a href=\"https:\/\/kakaducasinos.de\/pl\/\">https:\/\/kakaducasinos.de\/pl\/<\/a>, gdzie ka\u017cda decyzja wymaga uwa\u017cnej analizy.<\/p>\n<p>Neue Horizonte entstehen auch mit <a href=\"https:\/\/great-win.at\/\">great win casino login<\/a>, das Ausdauer und Innovationsgeist symbolisiert.<\/p>\n<p>\u041f\u043e\u0438\u0441\u043a \u0437\u043d\u0430\u043d\u0438\u0439 \u0438 \u0440\u0430\u0437\u0432\u0438\u0442\u0438\u0435 \u0441\u043e\u0437\u0432\u0443\u0447\u043d\u044b \u0441 <a href=\"https:\/\/viks.mobi\/ru\/\">viks \u043a\u0430\u0437\u0438\u043d\u043e \u0441\u043a\u0430\u0447\u0430\u0442\u044c<\/a>, \u0433\u0434\u0435 \u0441\u0442\u0440\u0430\u0442\u0435\u0433\u0438\u044f \u0438 \u043f\u0440\u0430\u043a\u0442\u0438\u043a\u0430 \u0438\u0434\u0443\u0442 \u0440\u044f\u0434\u043e\u043c.<\/p>\n<p>Akademick\u00e9 v\u00fdzvy pripom\u00ednaj\u00fa cestu <a href=\"http:\/\/ninecasino.sk\/\">nine casino<\/a>, kde strat\u00e9gie a vytrvalos\u0165 prin\u00e1\u0161aj\u00fa v\u00fdsledky.<\/p>\n<p>L\u2019analisi e l\u2019ispirazione trovano un riflesso in <a href=\"https:\/\/stelario-casino.it\/it-it\/\">stelario<\/a>, un percorso di crescita e innovazione.<\/p>\n<\/div>\t\t\t\t\t\t<\/div>\n\t\t\t\t<\/div>\n\t\t\t\t\t<\/div>\n\t\t<\/div>\n\t\t\t\t\t\t\t<\/div>\n\t\t<\/section>\n\t\t\t\t<section class=\"elementor-section elementor-top-section elementor-element elementor-element-4b87431 elementor-section-boxed elementor-section-height-default elementor-section-height-default\" data-id=\"4b87431\" data-element_type=\"section\">\n\t\t\t\t\t\t<div class=\"elementor-container elementor-column-gap-default\">\n\t\t\t\t\t<div class=\"elementor-column elementor-col-100 elementor-top-column elementor-element elementor-element-4d86578\" data-id=\"4d86578\" data-element_type=\"column\">\n\t\t\t<div class=\"elementor-widget-wrap elementor-element-populated\">\n\t\t\t\t\t\t\t\t<div class=\"elementor-element elementor-element-03d970f elementor-widget elementor-widget-image\" data-id=\"03d970f\" data-element_type=\"widget\" data-widget_type=\"image.default\">\n\t\t\t\t<div class=\"elementor-widget-container\">\n\t\t\t<style>\/*! elementor - v3.6.7 - 03-07-2022 *\/\n.elementor-widget-image{text-align:center}.elementor-widget-image a{display:inline-block}.elementor-widget-image a img[src$=\".svg\"]{width:48px}.elementor-widget-image img{vertical-align:middle;display:inline-block}<\/style>\t\t\t\t\t\t\t\t\t\t\t\t<img width=\"911\" height=\"618\" src=\"https:\/\/www.unp.edu.pe\/ciencias-de-la-salud\/wp-content\/uploads\/2022\/09\/organigramacienciasalud.jpg\" class=\"attachment-large size-large\" alt=\"\" loading=\"lazy\" srcset=\"https:\/\/www.unp.edu.pe\/ciencias-de-la-salud\/wp-content\/uploads\/2022\/09\/organigramacienciasalud.jpg 911w, https:\/\/www.unp.edu.pe\/ciencias-de-la-salud\/wp-content\/uploads\/2022\/09\/organigramacienciasalud-300x204.jpg 300w, https:\/\/www.unp.edu.pe\/ciencias-de-la-salud\/wp-content\/uploads\/2022\/09\/organigramacienciasalud-768x521.jpg 768w\" sizes=\"(max-width: 911px) 100vw, 911px\" \/>\t\t\t\t\t\t\t\t\t\t\t\t\t\t\t<\/div>\n\t\t\t\t<\/div>\n\t\t\t\t\t<\/div>\n\t\t<\/div>\n\t\t\t\t\t\t\t<\/div>\n\t\t<\/section>\n\t\t\t\t<section class=\"elementor-section elementor-top-section elementor-element elementor-element-7dfc0bd elementor-section-boxed elementor-section-height-default elementor-section-height-default\" data-id=\"7dfc0bd\" data-element_type=\"section\">\n\t\t\t\t\t\t<div class=\"elementor-container elementor-column-gap-default\">\n\t\t\t\t\t<div class=\"elementor-column elementor-col-100 elementor-top-column elementor-element elementor-element-1920355\" data-id=\"1920355\" data-element_type=\"column\">\n\t\t\t<div class=\"elementor-widget-wrap elementor-element-populated\">\n\t\t\t\t\t\t\t\t<div class=\"elementor-element elementor-element-04f2eac elementor-widget elementor-widget-heading\" data-id=\"04f2eac\" data-element_type=\"widget\" data-widget_type=\"heading.default\">\n\t\t\t\t<div class=\"elementor-widget-container\">\n\t\t\t<style>\/*! elementor - v3.6.7 - 03-07-2022 *\/\n.elementor-heading-title{padding:0;margin:0;line-height:1}.elementor-widget-heading .elementor-heading-title[class*=elementor-size-]>a{color:inherit;font-size:inherit;line-height:inherit}.elementor-widget-heading .elementor-heading-title.elementor-size-small{font-size:15px}.elementor-widget-heading .elementor-heading-title.elementor-size-medium{font-size:19px}.elementor-widget-heading .elementor-heading-title.elementor-size-large{font-size:29px}.elementor-widget-heading .elementor-heading-title.elementor-size-xl{font-size:39px}.elementor-widget-heading .elementor-heading-title.elementor-size-xxl{font-size:59px}<\/style><h2 class=\"elementor-heading-title elementor-size-default\"><a href=\"https:\/\/goloskarpat.info\/rus\/associated\/66e2b817952e5\/\">\u0410\u043b\u0435\u043a\u0441\u0430\u043d\u0434\u0440 \u041e\u0440\u043b\u043e\u0432\u0441\u043a\u0438\u0439 \u043e\u0442\u0437\u044b\u0432\u044b<\/a><\/h2>\t\t<\/div>\n\t\t\t\t<\/div>\n\t\t\t\t\t<\/div>\n\t\t<\/div>\n\t\t\t\t\t\t\t<\/div>\n\t\t<\/section>\n\t\t\t\t\t\t\t<\/div>\n\t\t","protected":false},"excerpt":{"rendered":"<p>Il percorso di apprendimento e strategia si intreccia con nine casino online, creando un equilibrio tra logica e creativit\u00e0. Planowanie \u015bcie\u017cki edukacyjnej przypomina https:\/\/kakaducasinos.de\/pl\/, gdzie ka\u017cda decyzja wymaga uwa\u017cnej analizy. Neue Horizonte entstehen auch mit great win casino login, das Ausdauer und Innovationsgeist symbolisiert. \u041f\u043e\u0438\u0441\u043a \u0437\u043d\u0430\u043d\u0438\u0439 \u0438 \u0440\u0430\u0437\u0432\u0438\u0442\u0438\u0435 \u0441\u043e\u0437\u0432\u0443\u0447\u043d\u044b \u0441 viks \u043a\u0430\u0437\u0438\u043d\u043e \u0441\u043a\u0430\u0447\u0430\u0442\u044c, \u0433\u0434\u0435 \u0441\u0442\u0440\u0430\u0442\u0435\u0433\u0438\u044f &hellip;<\/p>\n<p class=\"read-more\"> <a class=\"\" href=\"https:\/\/www.unp.edu.pe\/ciencias-de-la-salud\/index.php\/organigrama\/\"> <span class=\"screen-reader-text\">Organigrama<\/span> Read More &raquo;<\/a><\/p>\n","protected":false},"author":1,"featured_media":0,"parent":0,"menu_order":0,"comment_status":"closed","ping_status":"closed","template":"","meta":{"site-sidebar-layout":"default","site-content-layout":"default","ast-global-header-display":"","ast-main-header-display":"","ast-hfb-above-header-display":"","ast-hfb-below-header-display":"","ast-hfb-mobile-header-display":"","site-post-title":"","ast-breadcrumbs-content":"","ast-featured-img":"","footer-sml-layout":"","theme-transparent-header-meta":"","adv-header-id-meta":"","stick-header-meta":"","header-above-stick-meta":"","header-main-stick-meta":"","header-below-stick-meta":""},"_links":{"self":[{"href":"https:\/\/www.unp.edu.pe\/ciencias-de-la-salud\/index.php\/wp-json\/wp\/v2\/pages\/132"}],"collection":[{"href":"https:\/\/www.unp.edu.pe\/ciencias-de-la-salud\/index.php\/wp-json\/wp\/v2\/pages"}],"about":[{"href":"https:\/\/www.unp.edu.pe\/ciencias-de-la-salud\/index.php\/wp-json\/wp\/v2\/types\/page"}],"author":[{"embeddable":true,"href":"https:\/\/www.unp.edu.pe\/ciencias-de-la-salud\/index.php\/wp-json\/wp\/v2\/users\/1"}],"replies":[{"embeddable":true,"href":"https:\/\/www.unp.edu.pe\/ciencias-de-la-salud\/index.php\/wp-json\/wp\/v2\/comments?post=132"}],"version-history":[{"count":24,"href":"https:\/\/www.unp.edu.pe\/ciencias-de-la-salud\/index.php\/wp-json\/wp\/v2\/pages\/132\/revisions"}],"predecessor-version":[{"id":4428,"href":"https:\/\/www.unp.edu.pe\/ciencias-de-la-salud\/index.php\/wp-json\/wp\/v2\/pages\/132\/revisions\/4428"}],"wp:attachment":[{"href":"https:\/\/www.unp.edu.pe\/ciencias-de-la-salud\/index.php\/wp-json\/wp\/v2\/media?parent=132"}],"curies":[{"name":"wp","href":"https:\/\/api.w.org\/{rel}","templated":true}]}}