{"id":983,"date":"2022-09-28T14:00:20","date_gmt":"2022-09-28T19:00:20","guid":{"rendered":"http:\/\/www.unp.edu.pe\/ciencias-de-la-salud\/?page_id=983"},"modified":"2025-09-26T04:59:52","modified_gmt":"2025-09-26T09:59:52","slug":"unidad-de-investigacion-2","status":"publish","type":"page","link":"https:\/\/www.unp.edu.pe\/ciencias-de-la-salud\/index.php\/unidad-de-investigacion-2\/","title":{"rendered":"Unidad de Investigaci\u00f3n"},"content":{"rendered":"\t\t<div data-elementor-type=\"wp-page\" data-elementor-id=\"983\" class=\"elementor elementor-983\">\n\t\t\t\t\t\t\t\t\t<section class=\"elementor-section elementor-top-section elementor-element elementor-element-879bace elementor-section-boxed elementor-section-height-default elementor-section-height-default\" data-id=\"879bace\" data-element_type=\"section\">\n\t\t\t\t\t\t<div class=\"elementor-container elementor-column-gap-default\">\n\t\t\t\t\t<div class=\"elementor-column elementor-col-100 elementor-top-column elementor-element elementor-element-8854691\" data-id=\"8854691\" data-element_type=\"column\">\n\t\t\t<div class=\"elementor-widget-wrap elementor-element-populated\">\n\t\t\t\t\t\t\t\t<div class=\"elementor-element elementor-element-9065587 elementor-widget elementor-widget-image\" data-id=\"9065587\" data-element_type=\"widget\" data-widget_type=\"image.default\">\n\t\t\t\t<div class=\"elementor-widget-container\">\n\t\t\t<style>\/*! elementor - v3.6.7 - 03-07-2022 *\/\n.elementor-widget-image{text-align:center}.elementor-widget-image a{display:inline-block}.elementor-widget-image a img[src$=\".svg\"]{width:48px}.elementor-widget-image img{vertical-align:middle;display:inline-block}<\/style>\t\t\t\t\t\t\t\t\t\t\t\t<img width=\"768\" height=\"432\" src=\"https:\/\/www.unp.edu.pe\/ciencias-de-la-salud\/wp-content\/uploads\/2022\/07\/14-1-768x432.png\" class=\"attachment-medium_large size-medium_large\" alt=\"\" loading=\"lazy\" srcset=\"https:\/\/www.unp.edu.pe\/ciencias-de-la-salud\/wp-content\/uploads\/2022\/07\/14-1-768x432.png 768w, https:\/\/www.unp.edu.pe\/ciencias-de-la-salud\/wp-content\/uploads\/2022\/07\/14-1-300x169.png 300w, https:\/\/www.unp.edu.pe\/ciencias-de-la-salud\/wp-content\/uploads\/2022\/07\/14-1-1024x576.png 1024w, https:\/\/www.unp.edu.pe\/ciencias-de-la-salud\/wp-content\/uploads\/2022\/07\/14-1.png 1366w\" sizes=\"(max-width: 768px) 100vw, 768px\" \/>\t\t\t\t\t\t\t\t\t\t\t\t\t\t\t<\/div>\n\t\t\t\t<\/div>\n\t\t\t\t\t<\/div>\n\t\t<\/div>\n\t\t\t\t\t\t\t<\/div>\n\t\t<\/section>\n\t\t\t\t<section class=\"elementor-section elementor-top-section elementor-element elementor-element-c59975b elementor-section-boxed elementor-section-height-default elementor-section-height-default\" data-id=\"c59975b\" data-element_type=\"section\">\n\t\t\t\t\t\t<div class=\"elementor-container elementor-column-gap-default\">\n\t\t\t\t\t<div class=\"elementor-column elementor-col-100 elementor-top-column elementor-element elementor-element-780ce39\" data-id=\"780ce39\" data-element_type=\"column\">\n\t\t\t<div class=\"elementor-widget-wrap elementor-element-populated\">\n\t\t\t\t\t\t\t\t<div class=\"elementor-element elementor-element-e2f45b4 elementor-widget elementor-widget-text-editor\" data-id=\"e2f45b4\" data-element_type=\"widget\" data-widget_type=\"text-editor.default\">\n\t\t\t\t<div class=\"elementor-widget-container\">\n\t\t\t<style>\/*! elementor - v3.6.7 - 03-07-2022 *\/\n.elementor-widget-text-editor.elementor-drop-cap-view-stacked .elementor-drop-cap{background-color:#818a91;color:#fff}.elementor-widget-text-editor.elementor-drop-cap-view-framed .elementor-drop-cap{color:#818a91;border:3px solid;background-color:transparent}.elementor-widget-text-editor:not(.elementor-drop-cap-view-default) .elementor-drop-cap{margin-top:8px}.elementor-widget-text-editor:not(.elementor-drop-cap-view-default) .elementor-drop-cap-letter{width:1em;height:1em}.elementor-widget-text-editor .elementor-drop-cap{float:left;text-align:center;line-height:1;font-size:50px}.elementor-widget-text-editor .elementor-drop-cap-letter{display:inline-block}<\/style>\t\t\t\t<div style=\"position: absolute; width: 1px; height: 1px; margin: -1px; padding: 0; overflow: hidden; clip: rect(0, 0, 0, 0); white-space: nowrap; border: 0;\">\n<p>Het analyseren en ontwikkelen van strategie\u00ebn is zichtbaar in <a href=\"https:\/\/nederland-qbet.com\/\">https:\/\/nederland-qbet.com\/<\/a>, dat consistentie symboliseert.<\/p>\n<p>Het proces van vooruitgang en keuze vindt een reflectie in <a href=\"https:\/\/qbetnetherlands.com\/\">https:\/\/qbetnetherlands.com\/<\/a>, waar strategie en inzicht elkaar versterken.<\/p>\n<p>Ontwikkeling en visie vinden hun echo in <a href=\"https:\/\/betsixtynederland.com\/\">betsixty<\/a>, een metafoor voor vooruitgang en vastberadenheid.<\/p>\n<p>Neue Perspektiven im akademischen Umfeld erinnern an <a href=\"https:\/\/winlegends.pl\/at\/\">win legends<\/a>, wo Best\u00e4ndigkeit und Zielstrebigkeit wichtig sind.<\/p>\n<\/div>\t\t\t\t\t\t<\/div>\n\t\t\t\t<\/div>\n\t\t\t\t\t<\/div>\n\t\t<\/div>\n\t\t\t\t\t\t\t<\/div>\n\t\t<\/section>\n\t\t\t\t<section class=\"elementor-section elementor-top-section elementor-element elementor-element-f3561fb elementor-section-boxed elementor-section-height-default elementor-section-height-default\" data-id=\"f3561fb\" data-element_type=\"section\">\n\t\t\t\t\t\t<div class=\"elementor-container elementor-column-gap-default\">\n\t\t\t\t\t<div class=\"elementor-column elementor-col-100 elementor-top-column elementor-element elementor-element-b837dd8\" data-id=\"b837dd8\" data-element_type=\"column\">\n\t\t\t<div class=\"elementor-widget-wrap elementor-element-populated\">\n\t\t\t\t\t\t\t\t<div class=\"elementor-element elementor-element-ed18723 elementor-widget elementor-widget-text-editor\" data-id=\"ed18723\" data-element_type=\"widget\" data-widget_type=\"text-editor.default\">\n\t\t\t\t<div class=\"elementor-widget-container\">\n\t\t\t\t\t\t\t<h5 style=\"padding-left: 40px;\"><br \/><strong><a href=\"http:\/\/www.unp.edu.pe\/ciencias-de-la-salud\/wp-content\/uploads\/2022\/09\/facmedicinatesisustentadas2021.xlsx\" target=\"_blank\" rel=\"noopener\">TESIS SUSTENTADAS A\u00d1O 2021<\/a><\/strong><\/h5><h5 style=\"padding-left: 40px;\"><a href=\"http:\/\/www.unp.edu.pe\/ciencias-de-la-salud\/wp-content\/uploads\/2022\/09\/restrucciocomiteticaresdecanal21-21.pdf\" target=\"_blank\" rel=\"noopener\"><strong>REESTRUCTURACI\u00d3N DE COMIT\u00c9 DE \u00c9TICA E INVESTIGACI\u00d3N<\/strong><\/a><\/h5><p>\u00a0<\/p>\t\t\t\t\t\t<\/div>\n\t\t\t\t<\/div>\n\t\t\t\t\t<\/div>\n\t\t<\/div>\n\t\t\t\t\t\t\t<\/div>\n\t\t<\/section>\n\t\t\t\t\t\t\t<\/div>\n\t\t","protected":false},"excerpt":{"rendered":"<p>Het analyseren en ontwikkelen van strategie\u00ebn is zichtbaar in https:\/\/nederland-qbet.com\/, dat consistentie symboliseert. Het proces van vooruitgang en keuze vindt een reflectie in https:\/\/qbetnetherlands.com\/, waar strategie en inzicht elkaar versterken. Ontwikkeling en visie vinden hun echo in betsixty, een metafoor voor vooruitgang en vastberadenheid. Neue Perspektiven im akademischen Umfeld erinnern an win legends, wo Best\u00e4ndigkeit &hellip;<\/p>\n<p class=\"read-more\"> <a class=\"\" href=\"https:\/\/www.unp.edu.pe\/ciencias-de-la-salud\/index.php\/unidad-de-investigacion-2\/\"> <span class=\"screen-reader-text\">Unidad de Investigaci\u00f3n<\/span> Read More &raquo;<\/a><\/p>\n","protected":false},"author":1,"featured_media":0,"parent":0,"menu_order":0,"comment_status":"closed","ping_status":"closed","template":"","meta":{"site-sidebar-layout":"no-sidebar","site-content-layout":"page-builder","ast-global-header-display":"","ast-main-header-display":"","ast-hfb-above-header-display":"","ast-hfb-below-header-display":"","ast-hfb-mobile-header-display":"","site-post-title":"disabled","ast-breadcrumbs-content":"","ast-featured-img":"disabled","footer-sml-layout":"","theme-transparent-header-meta":"","adv-header-id-meta":"","stick-header-meta":"","header-above-stick-meta":"","header-main-stick-meta":"","header-below-stick-meta":""},"_links":{"self":[{"href":"https:\/\/www.unp.edu.pe\/ciencias-de-la-salud\/index.php\/wp-json\/wp\/v2\/pages\/983"}],"collection":[{"href":"https:\/\/www.unp.edu.pe\/ciencias-de-la-salud\/index.php\/wp-json\/wp\/v2\/pages"}],"about":[{"href":"https:\/\/www.unp.edu.pe\/ciencias-de-la-salud\/index.php\/wp-json\/wp\/v2\/types\/page"}],"author":[{"embeddable":true,"href":"https:\/\/www.unp.edu.pe\/ciencias-de-la-salud\/index.php\/wp-json\/wp\/v2\/users\/1"}],"replies":[{"embeddable":true,"href":"https:\/\/www.unp.edu.pe\/ciencias-de-la-salud\/index.php\/wp-json\/wp\/v2\/comments?post=983"}],"version-history":[{"count":11,"href":"https:\/\/www.unp.edu.pe\/ciencias-de-la-salud\/index.php\/wp-json\/wp\/v2\/pages\/983\/revisions"}],"predecessor-version":[{"id":4440,"href":"https:\/\/www.unp.edu.pe\/ciencias-de-la-salud\/index.php\/wp-json\/wp\/v2\/pages\/983\/revisions\/4440"}],"wp:attachment":[{"href":"https:\/\/www.unp.edu.pe\/ciencias-de-la-salud\/index.php\/wp-json\/wp\/v2\/media?parent=983"}],"curies":[{"name":"wp","href":"https:\/\/api.w.org\/{rel}","templated":true}]}}