{"id":1027,"date":"2024-10-29T16:22:18","date_gmt":"2024-10-29T15:22:18","guid":{"rendered":"https:\/\/www.unp.edu.pe\/web\/?page_id=1027"},"modified":"2025-06-11T21:17:27","modified_gmt":"2025-06-11T19:17:27","slug":"sobre-nosotros","status":"publish","type":"page","link":"https:\/\/www.unp.edu.pe\/web\/sobre-nosotros\/","title":{"rendered":"Sobre nosotros"},"content":{"rendered":"\t\t<div data-elementor-type=\"wp-page\" data-elementor-id=\"1027\" class=\"elementor elementor-1027\">\n\t\t\t\t<div class=\"elementor-element elementor-element-d3fbcc7 e-con-full e-flex wpr-particle-no wpr-jarallax-no wpr-parallax-no wpr-sticky-section-no e-con e-parent\" data-id=\"d3fbcc7\" data-element_type=\"container\" data-settings=\"{&quot;background_background&quot;:&quot;classic&quot;}\">\n\t\t\t\t<div class=\"elementor-element elementor-element-d00a774 elementor-hidden-mobile elementor-widget elementor-widget-image\" data-id=\"d00a774\" data-element_type=\"widget\" data-widget_type=\"image.default\">\n\t\t\t\t<div class=\"elementor-widget-container\">\n\t\t\t\t\t\t\t\t\t\t\t\t\t\t\t<img fetchpriority=\"high\" decoding=\"async\" width=\"2048\" height=\"622\" src=\"https:\/\/www.unp.edu.pe\/web\/wp-content\/uploads\/2025\/03\/UNP-22.png\" class=\"attachment-full size-full wp-image-7703\" alt=\"\" srcset=\"https:\/\/www.unp.edu.pe\/web\/wp-content\/uploads\/2025\/03\/UNP-22.png 2048w, https:\/\/www.unp.edu.pe\/web\/wp-content\/uploads\/2025\/03\/UNP-22-300x91.png 300w, https:\/\/www.unp.edu.pe\/web\/wp-content\/uploads\/2025\/03\/UNP-22-1024x311.png 1024w, https:\/\/www.unp.edu.pe\/web\/wp-content\/uploads\/2025\/03\/UNP-22-768x233.png 768w, https:\/\/www.unp.edu.pe\/web\/wp-content\/uploads\/2025\/03\/UNP-22-1536x467.png 1536w, https:\/\/www.unp.edu.pe\/web\/wp-content\/uploads\/2025\/03\/UNP-22-570x173.png 570w, https:\/\/www.unp.edu.pe\/web\/wp-content\/uploads\/2025\/03\/UNP-22-270x82.png 270w\" sizes=\"(max-width: 2048px) 100vw, 2048px\" \/>\t\t\t\t\t\t\t\t\t\t\t\t\t\t\t<\/div>\n\t\t\t\t<\/div>\n\t\t\t\t<div class=\"elementor-element elementor-element-a38d814 elementor-hidden-desktop elementor-hidden-tablet elementor-widget elementor-widget-image\" data-id=\"a38d814\" data-element_type=\"widget\" data-widget_type=\"image.default\">\n\t\t\t\t<div class=\"elementor-widget-container\">\n\t\t\t\t\t\t\t\t\t\t\t\t\t\t\t<img decoding=\"async\" width=\"1345\" height=\"1152\" src=\"https:\/\/www.unp.edu.pe\/web\/wp-content\/uploads\/2025\/03\/Sobre-nosotros.png\" class=\"attachment-full size-full wp-image-7707\" alt=\"\" srcset=\"https:\/\/www.unp.edu.pe\/web\/wp-content\/uploads\/2025\/03\/Sobre-nosotros.png 1345w, https:\/\/www.unp.edu.pe\/web\/wp-content\/uploads\/2025\/03\/Sobre-nosotros-300x257.png 300w, https:\/\/www.unp.edu.pe\/web\/wp-content\/uploads\/2025\/03\/Sobre-nosotros-1024x877.png 1024w, https:\/\/www.unp.edu.pe\/web\/wp-content\/uploads\/2025\/03\/Sobre-nosotros-768x658.png 768w, https:\/\/www.unp.edu.pe\/web\/wp-content\/uploads\/2025\/03\/Sobre-nosotros-385x330.png 385w, https:\/\/www.unp.edu.pe\/web\/wp-content\/uploads\/2025\/03\/Sobre-nosotros-210x180.png 210w\" sizes=\"(max-width: 1345px) 100vw, 1345px\" \/>\t\t\t\t\t\t\t\t\t\t\t\t\t\t\t<\/div>\n\t\t\t\t<\/div>\n\t\t\t\t<\/div>\n\t\t<div class=\"elementor-element elementor-element-650112d e-flex e-con-boxed wpr-particle-no wpr-jarallax-no wpr-parallax-no wpr-sticky-section-no e-con e-parent\" data-id=\"650112d\" data-element_type=\"container\">\n\t\t\t\t\t<div class=\"e-con-inner\">\n\t\t<div class=\"elementor-element elementor-element-60d7358 e-con-full e-flex wpr-particle-no wpr-jarallax-no wpr-parallax-no wpr-sticky-section-no e-con e-child\" data-id=\"60d7358\" data-element_type=\"container\">\n\t\t\t\t<div class=\"elementor-element elementor-element-abca4b4 elementor-widget elementor-widget-heading\" data-id=\"abca4b4\" data-element_type=\"widget\" data-widget_type=\"heading.default\">\n\t\t\t\t<div class=\"elementor-widget-container\">\n\t\t\t\t\t<h2 class=\"elementor-heading-title elementor-size-default\">Historia<\/h2>\t\t\t\t<\/div>\n\t\t\t\t<\/div>\n\t\t\t\t<div class=\"elementor-element elementor-element-31324cc elementor-widget elementor-widget-text-editor\" data-id=\"31324cc\" data-element_type=\"widget\" data-widget_type=\"text-editor.default\">\n\t\t\t\t<div class=\"elementor-widget-container\">\n\t\t\t\t\t\t\t\t\t<p style=\"text-align: justify;\">El diario \u201cEl Tiempo\u201d, de Piura, en el mes de marzo de 1955 informa que la Asociaci\u00f3n de Estudiantes Piuranos de Ciencias Sociales, que agrupaba a los\u00a0 universitarios Piuranos de las Universidades de San Marcos y La Cat\u00f3lica y que tuve el honor de presidir, estaba suscribiendo un Memorial pidiendo una Universidad para Piura. Se encontraba en ese movimiento adem\u00e1s del suscrito como presidente, Carlos Garc\u00eda Garc\u00eda, que fuera despu\u00e9s, vicepresidente de la Rep\u00fablica en el actual gobierno del presidente Fujimori; \u2026<\/p>\t\t\t\t\t\t\t\t<\/div>\n\t\t\t\t<\/div>\n\t\t\t\t<div class=\"elementor-element elementor-element-4a9dba9 elementor-widget elementor-widget-button\" data-id=\"4a9dba9\" data-element_type=\"widget\" data-widget_type=\"button.default\">\n\t\t\t\t<div class=\"elementor-widget-container\">\n\t\t\t\t\t\t\t\t\t<div class=\"elementor-button-wrapper\">\n\t\t\t\t\t<a class=\"elementor-button elementor-button-link elementor-size-sm\" href=\"https:\/\/www.unp.edu.pe\/universidadv\/historia12.html\" target=\"_blank\">\n\t\t\t\t\t\t<span class=\"elementor-button-content-wrapper\">\n\t\t\t\t\t\t\t\t\t<span class=\"elementor-button-text\">Leer m\u00e1s<\/span>\n\t\t\t\t\t<\/span>\n\t\t\t\t\t<\/a>\n\t\t\t\t<\/div>\n\t\t\t\t\t\t\t\t<\/div>\n\t\t\t\t<\/div>\n\t\t\t\t<\/div>\n\t\t<div class=\"elementor-element elementor-element-6e75b6d e-con-full e-flex wpr-particle-no wpr-jarallax-no wpr-parallax-no wpr-sticky-section-no e-con e-child\" data-id=\"6e75b6d\" data-element_type=\"container\">\n\t\t\t\t<div class=\"elementor-element elementor-element-b965fc4 elementor-widget elementor-widget-image\" data-id=\"b965fc4\" data-element_type=\"widget\" data-widget_type=\"image.default\">\n\t\t\t\t<div class=\"elementor-widget-container\">\n\t\t\t\t\t\t\t\t\t\t\t\t\t\t\t<img decoding=\"async\" width=\"737\" height=\"648\" src=\"https:\/\/www.unp.edu.pe\/web\/wp-content\/uploads\/2025\/02\/Group-802-6.png\" class=\"attachment-large size-large wp-image-6586\" alt=\"\" srcset=\"https:\/\/www.unp.edu.pe\/web\/wp-content\/uploads\/2025\/02\/Group-802-6.png 737w, https:\/\/www.unp.edu.pe\/web\/wp-content\/uploads\/2025\/02\/Group-802-6-300x264.png 300w, https:\/\/www.unp.edu.pe\/web\/wp-content\/uploads\/2025\/02\/Group-802-6-375x330.png 375w, https:\/\/www.unp.edu.pe\/web\/wp-content\/uploads\/2025\/02\/Group-802-6-205x180.png 205w\" sizes=\"(max-width: 737px) 100vw, 737px\" \/>\t\t\t\t\t\t\t\t\t\t\t\t\t\t\t<\/div>\n\t\t\t\t<\/div>\n\t\t\t\t<\/div>\n\t\t\t\t\t<\/div>\n\t\t\t\t<\/div>\n\t\t<div class=\"elementor-element elementor-element-2fed267 e-con-full e-flex wpr-particle-no wpr-jarallax-no wpr-parallax-no wpr-sticky-section-no e-con e-parent\" data-id=\"2fed267\" data-element_type=\"container\" data-settings=\"{&quot;background_background&quot;:&quot;classic&quot;}\">\n\t\t<div class=\"elementor-element elementor-element-59e3860 e-con-full e-flex wpr-particle-no wpr-jarallax-no wpr-parallax-no wpr-sticky-section-no e-con e-child\" data-id=\"59e3860\" data-element_type=\"container\">\n\t\t\t\t<div class=\"elementor-element elementor-element-df7fe7c elementor-view-default elementor-widget elementor-widget-icon\" data-id=\"df7fe7c\" data-element_type=\"widget\" data-widget_type=\"icon.default\">\n\t\t\t\t<div class=\"elementor-widget-container\">\n\t\t\t\t\t\t\t<div class=\"elementor-icon-wrapper\">\n\t\t\t<div class=\"elementor-icon\">\n\t\t\t<svg aria-hidden=\"true\" class=\"e-font-icon-svg e-fas-bullseye\" viewBox=\"0 0 496 512\" xmlns=\"http:\/\/www.w3.org\/2000\/svg\"><path d=\"M248 8C111.03 8 0 119.03 0 256s111.03 248 248 248 248-111.03 248-248S384.97 8 248 8zm0 432c-101.69 0-184-82.29-184-184 0-101.69 82.29-184 184-184 101.69 0 184 82.29 184 184 0 101.69-82.29 184-184 184zm0-312c-70.69 0-128 57.31-128 128s57.31 128 128 128 128-57.31 128-128-57.31-128-128-128zm0 192c-35.29 0-64-28.71-64-64s28.71-64 64-64 64 28.71 64 64-28.71 64-64 64z\"><\/path><\/svg>\t\t\t<\/div>\n\t\t<\/div>\n\t\t\t\t\t\t<\/div>\n\t\t\t\t<\/div>\n\t\t\t\t<div class=\"elementor-element elementor-element-1a31f1b elementor-widget elementor-widget-heading\" data-id=\"1a31f1b\" data-element_type=\"widget\" data-widget_type=\"heading.default\">\n\t\t\t\t<div class=\"elementor-widget-container\">\n\t\t\t\t\t<h2 class=\"elementor-heading-title elementor-size-default\">Misi\u00f3n<\/h2>\t\t\t\t<\/div>\n\t\t\t\t<\/div>\n\t\t\t\t<div class=\"elementor-element elementor-element-1966275 elementor-widget__width-initial elementor-widget elementor-widget-text-editor\" data-id=\"1966275\" data-element_type=\"widget\" data-widget_type=\"text-editor.default\">\n\t\t\t\t<div class=\"elementor-widget-container\">\n\t\t\t\t\t\t\t\t\t<p style=\"text-align: center;\">Somos una instituci\u00f3n de educaci\u00f3n superior aut\u00f3noma, comprometida con la excelencia acad\u00e9mica, la investigaci\u00f3n y la innovaci\u00f3n, que genera, difunde y aplica conocimiento cient\u00edfico y tecnol\u00f3gico de vanguardia. Formamos profesionales l\u00edderes con enfoque humanista, \u00e9tico y de responsabilidad social, quienes contribuyen al desarrollo sostenible de nuestra regi\u00f3n, del pa\u00eds y al impulso de la internacionalizaci\u00f3n.<\/p>\t\t\t\t\t\t\t\t<\/div>\n\t\t\t\t<\/div>\n\t\t\t\t<\/div>\n\t\t<div class=\"elementor-element elementor-element-20511ce e-con-full e-flex wpr-particle-no wpr-jarallax-no wpr-parallax-no wpr-sticky-section-no e-con e-child\" data-id=\"20511ce\" data-element_type=\"container\">\n\t\t\t\t<div class=\"elementor-element elementor-element-ce59b27 elementor-view-default elementor-widget elementor-widget-icon\" data-id=\"ce59b27\" data-element_type=\"widget\" data-widget_type=\"icon.default\">\n\t\t\t\t<div class=\"elementor-widget-container\">\n\t\t\t\t\t\t\t<div class=\"elementor-icon-wrapper\">\n\t\t\t<div class=\"elementor-icon\">\n\t\t\t<svg aria-hidden=\"true\" class=\"e-font-icon-svg e-fas-sitemap\" viewBox=\"0 0 640 512\" xmlns=\"http:\/\/www.w3.org\/2000\/svg\"><path d=\"M128 352H32c-17.67 0-32 14.33-32 32v96c0 17.67 14.33 32 32 32h96c17.67 0 32-14.33 32-32v-96c0-17.67-14.33-32-32-32zm-24-80h192v48h48v-48h192v48h48v-57.59c0-21.17-17.23-38.41-38.41-38.41H344v-64h40c17.67 0 32-14.33 32-32V32c0-17.67-14.33-32-32-32H256c-17.67 0-32 14.33-32 32v96c0 17.67 14.33 32 32 32h40v64H94.41C73.23 224 56 241.23 56 262.41V320h48v-48zm264 80h-96c-17.67 0-32 14.33-32 32v96c0 17.67 14.33 32 32 32h96c17.67 0 32-14.33 32-32v-96c0-17.67-14.33-32-32-32zm240 0h-96c-17.67 0-32 14.33-32 32v96c0 17.67 14.33 32 32 32h96c17.67 0 32-14.33 32-32v-96c0-17.67-14.33-32-32-32z\"><\/path><\/svg>\t\t\t<\/div>\n\t\t<\/div>\n\t\t\t\t\t\t<\/div>\n\t\t\t\t<\/div>\n\t\t\t\t<div class=\"elementor-element elementor-element-9662d64 elementor-widget elementor-widget-heading\" data-id=\"9662d64\" data-element_type=\"widget\" data-widget_type=\"heading.default\">\n\t\t\t\t<div class=\"elementor-widget-container\">\n\t\t\t\t\t<h2 class=\"elementor-heading-title elementor-size-default\">Organigrama<\/h2>\t\t\t\t<\/div>\n\t\t\t\t<\/div>\n\t\t\t\t<div class=\"elementor-element elementor-element-302d97a elementor-widget__width-initial elementor-widget elementor-widget-text-editor\" data-id=\"302d97a\" data-element_type=\"widget\" data-widget_type=\"text-editor.default\">\n\t\t\t\t<div class=\"elementor-widget-container\">\n\t\t\t\t\t\t\t\t\t<p>Diagrama que muestra la estructura interna de una organizaci\u00f3n o empresa<\/p>\t\t\t\t\t\t\t\t<\/div>\n\t\t\t\t<\/div>\n\t\t\t\t<div class=\"elementor-element elementor-element-43af673 elementor-align-center elementor-widget elementor-widget-button\" data-id=\"43af673\" data-element_type=\"widget\" data-widget_type=\"button.default\">\n\t\t\t\t<div class=\"elementor-widget-container\">\n\t\t\t\t\t\t\t\t\t<div class=\"elementor-button-wrapper\">\n\t\t\t\t\t<a class=\"elementor-button elementor-button-link elementor-size-sm\" href=\"https:\/\/www.unp.edu.pe\/web\/wp-content\/uploads\/2025\/06\/ORGANIGRAMA-UNP.pdf\" target=\"_blank\">\n\t\t\t\t\t\t<span class=\"elementor-button-content-wrapper\">\n\t\t\t\t\t\t\t\t\t<span class=\"elementor-button-text\">Ver aqu\u00ed<\/span>\n\t\t\t\t\t<\/span>\n\t\t\t\t\t<\/a>\n\t\t\t\t<\/div>\n\t\t\t\t\t\t\t\t<\/div>\n\t\t\t\t<\/div>\n\t\t\t\t<\/div>\n\t\t<div class=\"elementor-element elementor-element-88ec18b e-con-full e-flex wpr-particle-no wpr-jarallax-no wpr-parallax-no wpr-sticky-section-no e-con e-child\" data-id=\"88ec18b\" data-element_type=\"container\">\n\t\t\t\t<div class=\"elementor-element elementor-element-ae96ce8 elementor-view-default elementor-widget elementor-widget-icon\" data-id=\"ae96ce8\" data-element_type=\"widget\" data-widget_type=\"icon.default\">\n\t\t\t\t<div class=\"elementor-widget-container\">\n\t\t\t\t\t\t\t<div class=\"elementor-icon-wrapper\">\n\t\t\t<div class=\"elementor-icon\">\n\t\t\t<svg aria-hidden=\"true\" class=\"e-font-icon-svg e-fas-eye\" viewBox=\"0 0 576 512\" xmlns=\"http:\/\/www.w3.org\/2000\/svg\"><path d=\"M572.52 241.4C518.29 135.59 410.93 64 288 64S57.68 135.64 3.48 241.41a32.35 32.35 0 0 0 0 29.19C57.71 376.41 165.07 448 288 448s230.32-71.64 284.52-177.41a32.35 32.35 0 0 0 0-29.19zM288 400a144 144 0 1 1 144-144 143.93 143.93 0 0 1-144 144zm0-240a95.31 95.31 0 0 0-25.31 3.79 47.85 47.85 0 0 1-66.9 66.9A95.78 95.78 0 1 0 288 160z\"><\/path><\/svg>\t\t\t<\/div>\n\t\t<\/div>\n\t\t\t\t\t\t<\/div>\n\t\t\t\t<\/div>\n\t\t\t\t<div class=\"elementor-element elementor-element-4d5c6e4 elementor-widget elementor-widget-heading\" data-id=\"4d5c6e4\" data-element_type=\"widget\" data-widget_type=\"heading.default\">\n\t\t\t\t<div class=\"elementor-widget-container\">\n\t\t\t\t\t<h2 class=\"elementor-heading-title elementor-size-default\">Visi\u00f3n<\/h2>\t\t\t\t<\/div>\n\t\t\t\t<\/div>\n\t\t\t\t<div class=\"elementor-element elementor-element-9fc483c elementor-widget__width-initial elementor-widget elementor-widget-text-editor\" data-id=\"9fc483c\" data-element_type=\"widget\" data-widget_type=\"text-editor.default\">\n\t\t\t\t<div class=\"elementor-widget-container\">\n\t\t\t\t\t\t\t\t\t<p style=\"text-align: center;\">En el a\u00f1o 2030. La Universidad Nacional de Piura ser\u00e1 una instituci\u00f3n referente a nivel nacional e internacional por su excelencia acad\u00e9mica, investigaci\u00f3n, innovaci\u00f3n y compromiso con la responsabilidad social. Forjar\u00e1 s\u00f3lidas alianzas con el sector empresarial y cooperaci\u00f3n internacional, liderando el desarrollo sostenible de la regi\u00f3n Piura y del pa\u00eds.<\/p>\t\t\t\t\t\t\t\t<\/div>\n\t\t\t\t<\/div>\n\t\t\t\t<\/div>\n\t\t\t\t<\/div>\n\t\t<div class=\"elementor-element elementor-element-01e8819 e-flex e-con-boxed wpr-particle-no wpr-jarallax-no wpr-parallax-no wpr-sticky-section-no e-con e-parent\" data-id=\"01e8819\" data-element_type=\"container\" data-settings=\"{&quot;background_background&quot;:&quot;classic&quot;}\">\n\t\t\t\t\t<div class=\"e-con-inner\">\n\t\t<div class=\"elementor-element elementor-element-481ff1e e-con-full e-flex wpr-particle-no wpr-jarallax-no wpr-parallax-no wpr-sticky-section-no e-con e-child\" data-id=\"481ff1e\" data-element_type=\"container\">\n\t\t\t\t<div class=\"elementor-element elementor-element-9d10842 elementor-widget elementor-widget-heading\" data-id=\"9d10842\" data-element_type=\"widget\" data-widget_type=\"heading.default\">\n\t\t\t\t<div class=\"elementor-widget-container\">\n\t\t\t\t\t<h2 class=\"elementor-heading-title elementor-size-default\">Mapa Virtual<\/h2>\t\t\t\t<\/div>\n\t\t\t\t<\/div>\n\t\t\t\t<div class=\"elementor-element elementor-element-d310b11 elementor-widget elementor-widget-heading\" data-id=\"d310b11\" data-element_type=\"widget\" data-widget_type=\"heading.default\">\n\t\t\t\t<div class=\"elementor-widget-container\">\n\t\t\t\t\t<h2 class=\"elementor-heading-title elementor-size-default\">Google maps<\/h2>\t\t\t\t<\/div>\n\t\t\t\t<\/div>\n\t\t\t\t<\/div>\n\t\t<div class=\"elementor-element elementor-element-406e201 e-con-full e-flex wpr-particle-no wpr-jarallax-no wpr-parallax-no wpr-sticky-section-no e-con e-child\" data-id=\"406e201\" data-element_type=\"container\">\n\t\t\t\t<div class=\"elementor-element elementor-element-d8e1f84 elementor-widget elementor-widget-google_maps\" data-id=\"d8e1f84\" data-element_type=\"widget\" data-widget_type=\"google_maps.default\">\n\t\t\t\t<div class=\"elementor-widget-container\">\n\t\t\t\t\t\t\t<div class=\"elementor-custom-embed\">\n\t\t\t<iframe loading=\"lazy\"\n\t\t\t\t\tsrc=\"https:\/\/maps.google.com\/maps?q=Universidad%20Nacional%20de%20Piura&#038;t=m&#038;z=12&#038;output=embed&#038;iwloc=near\"\n\t\t\t\t\ttitle=\"Universidad Nacional de Piura\"\n\t\t\t\t\taria-label=\"Universidad Nacional de Piura\"\n\t\t\t><\/iframe>\n\t\t<\/div>\n\t\t\t\t\t\t<\/div>\n\t\t\t\t<\/div>\n\t\t\t\t<\/div>\n\t\t\t\t\t<\/div>\n\t\t\t\t<\/div>\n\t\t\t\t<\/div>\n\t\t","protected":false},"excerpt":{"rendered":"<p>Historia El diario \u201cEl Tiempo\u201d, de Piura, en el mes de marzo de 1955 informa que la Asociaci\u00f3n de Estudiantes Piuranos de Ciencias Sociales, que agrupaba a los\u00a0 universitarios Piuranos de las Universidades de San Marcos y La Cat\u00f3lica y que tuve el honor de presidir, estaba suscribiendo un Memorial pidiendo una Universidad para Piura. Se encontraba en ese movimiento adem\u00e1s del suscrito como presidente, Carlos Garc\u00eda Garc\u00eda, que fuera despu\u00e9s, vicepresidente de la Rep\u00fablica en el actual gobierno del presidente Fujimori; \u2026 Leer m\u00e1s Misi\u00f3n Somos una instituci\u00f3n de educaci\u00f3n superior aut\u00f3noma, comprometida con la excelencia acad\u00e9mica, la investigaci\u00f3n y la innovaci\u00f3n, que genera, difunde y aplica conocimiento cient\u00edfico y tecnol\u00f3gico de vanguardia. Formamos profesionales l\u00edderes con enfoque humanista, \u00e9tico y de responsabilidad social, quienes contribuyen al desarrollo sostenible de nuestra regi\u00f3n, del pa\u00eds y al impulso de la internacionalizaci\u00f3n. Organigrama Diagrama que muestra la estructura interna de una organizaci\u00f3n o empresa Ver aqu\u00ed Visi\u00f3n En el a\u00f1o 2030. La Universidad Nacional de Piura ser\u00e1 una instituci\u00f3n referente a nivel nacional e internacional por su excelencia acad\u00e9mica, investigaci\u00f3n, innovaci\u00f3n y compromiso con la responsabilidad social. Forjar\u00e1 s\u00f3lidas alianzas con el sector empresarial y cooperaci\u00f3n internacional, liderando el desarrollo sostenible de la regi\u00f3n Piura y del pa\u00eds. Mapa Virtual Google maps<\/p>\n","protected":false},"author":1,"featured_media":0,"parent":0,"menu_order":0,"comment_status":"closed","ping_status":"closed","template":"","meta":{"footnotes":""},"class_list":["post-1027","page","type-page","status-publish","hentry"],"_links":{"self":[{"href":"https:\/\/www.unp.edu.pe\/web\/wp-json\/wp\/v2\/pages\/1027","targetHints":{"allow":["GET"]}}],"collection":[{"href":"https:\/\/www.unp.edu.pe\/web\/wp-json\/wp\/v2\/pages"}],"about":[{"href":"https:\/\/www.unp.edu.pe\/web\/wp-json\/wp\/v2\/types\/page"}],"author":[{"embeddable":true,"href":"https:\/\/www.unp.edu.pe\/web\/wp-json\/wp\/v2\/users\/1"}],"replies":[{"embeddable":true,"href":"https:\/\/www.unp.edu.pe\/web\/wp-json\/wp\/v2\/comments?post=1027"}],"version-history":[{"count":91,"href":"https:\/\/www.unp.edu.pe\/web\/wp-json\/wp\/v2\/pages\/1027\/revisions"}],"predecessor-version":[{"id":8942,"href":"https:\/\/www.unp.edu.pe\/web\/wp-json\/wp\/v2\/pages\/1027\/revisions\/8942"}],"wp:attachment":[{"href":"https:\/\/www.unp.edu.pe\/web\/wp-json\/wp\/v2\/media?parent=1027"}],"curies":[{"name":"wp","href":"https:\/\/api.w.org\/{rel}","templated":true}]}}