{"id":4482,"date":"2024-11-22T01:34:05","date_gmt":"2024-11-22T00:34:05","guid":{"rendered":"https:\/\/www.unp.edu.pe\/web\/?page_id=4482"},"modified":"2025-03-14T18:37:46","modified_gmt":"2025-03-14T17:37:46","slug":"escuela-de-ingenieria-industrial","status":"publish","type":"page","link":"https:\/\/www.unp.edu.pe\/web\/escuela-de-ingenieria-industrial\/","title":{"rendered":"Escuela de Ingenier\u00eda Industrial"},"content":{"rendered":"\t\t<div data-elementor-type=\"wp-page\" data-elementor-id=\"4482\" class=\"elementor elementor-4482\">\n\t\t\t\t<div class=\"elementor-element elementor-element-0c4e72e e-con-full e-flex wpr-particle-no wpr-jarallax-no wpr-parallax-no wpr-sticky-section-no e-con e-parent\" data-id=\"0c4e72e\" data-element_type=\"container\" data-settings=\"{&quot;background_background&quot;:&quot;classic&quot;}\">\n\t\t\t\t<div class=\"elementor-element elementor-element-204d22d elementor-hidden-mobile elementor-widget elementor-widget-image\" data-id=\"204d22d\" data-element_type=\"widget\" data-widget_type=\"image.default\">\n\t\t\t\t<div class=\"elementor-widget-container\">\n\t\t\t\t\t\t\t\t\t\t\t\t\t\t\t<img fetchpriority=\"high\" decoding=\"async\" width=\"2048\" height=\"558\" src=\"https:\/\/www.unp.edu.pe\/web\/wp-content\/uploads\/2025\/03\/image-67.png\" class=\"attachment-full size-full wp-image-7578\" alt=\"\" srcset=\"https:\/\/www.unp.edu.pe\/web\/wp-content\/uploads\/2025\/03\/image-67.png 2048w, https:\/\/www.unp.edu.pe\/web\/wp-content\/uploads\/2025\/03\/image-67-300x82.png 300w, https:\/\/www.unp.edu.pe\/web\/wp-content\/uploads\/2025\/03\/image-67-1024x279.png 1024w, https:\/\/www.unp.edu.pe\/web\/wp-content\/uploads\/2025\/03\/image-67-768x209.png 768w, https:\/\/www.unp.edu.pe\/web\/wp-content\/uploads\/2025\/03\/image-67-1536x419.png 1536w, https:\/\/www.unp.edu.pe\/web\/wp-content\/uploads\/2025\/03\/image-67-570x155.png 570w, https:\/\/www.unp.edu.pe\/web\/wp-content\/uploads\/2025\/03\/image-67-270x74.png 270w\" sizes=\"(max-width: 2048px) 100vw, 2048px\" \/>\t\t\t\t\t\t\t\t\t\t\t\t\t\t\t<\/div>\n\t\t\t\t<\/div>\n\t\t\t\t<div class=\"elementor-element elementor-element-dd39dde elementor-hidden-desktop elementor-hidden-tablet elementor-widget elementor-widget-image\" data-id=\"dd39dde\" data-element_type=\"widget\" data-widget_type=\"image.default\">\n\t\t\t\t<div class=\"elementor-widget-container\">\n\t\t\t\t\t\t\t\t\t\t\t\t\t\t\t<img decoding=\"async\" width=\"1345\" height=\"1152\" src=\"https:\/\/www.unp.edu.pe\/web\/wp-content\/uploads\/2025\/03\/image-68.png\" class=\"attachment-full size-full wp-image-7579\" alt=\"\" srcset=\"https:\/\/www.unp.edu.pe\/web\/wp-content\/uploads\/2025\/03\/image-68.png 1345w, https:\/\/www.unp.edu.pe\/web\/wp-content\/uploads\/2025\/03\/image-68-300x257.png 300w, https:\/\/www.unp.edu.pe\/web\/wp-content\/uploads\/2025\/03\/image-68-1024x877.png 1024w, https:\/\/www.unp.edu.pe\/web\/wp-content\/uploads\/2025\/03\/image-68-768x658.png 768w, https:\/\/www.unp.edu.pe\/web\/wp-content\/uploads\/2025\/03\/image-68-385x330.png 385w, https:\/\/www.unp.edu.pe\/web\/wp-content\/uploads\/2025\/03\/image-68-210x180.png 210w\" sizes=\"(max-width: 1345px) 100vw, 1345px\" \/>\t\t\t\t\t\t\t\t\t\t\t\t\t\t\t<\/div>\n\t\t\t\t<\/div>\n\t\t\t\t<\/div>\n\t\t<div class=\"elementor-element elementor-element-5aeda43 e-flex e-con-boxed wpr-particle-no wpr-jarallax-no wpr-parallax-no wpr-sticky-section-no e-con e-parent\" data-id=\"5aeda43\" data-element_type=\"container\">\n\t\t\t\t\t<div class=\"e-con-inner\">\n\t\t<div class=\"elementor-element elementor-element-2f90862 e-con-full e-flex wpr-particle-no wpr-jarallax-no wpr-parallax-no wpr-sticky-section-no e-con e-child\" data-id=\"2f90862\" data-element_type=\"container\">\n\t\t\t\t<div class=\"elementor-element elementor-element-3abe66e elementor-widget elementor-widget-heading\" data-id=\"3abe66e\" data-element_type=\"widget\" data-widget_type=\"heading.default\">\n\t\t\t\t<div class=\"elementor-widget-container\">\n\t\t\t\t\t<h2 class=\"elementor-heading-title elementor-size-default\">CONOCE NUESTRA ESCUELA<\/h2>\t\t\t\t<\/div>\n\t\t\t\t<\/div>\n\t\t\t\t<div class=\"elementor-element elementor-element-45d1c8a elementor-widget elementor-widget-text-editor\" data-id=\"45d1c8a\" data-element_type=\"widget\" data-widget_type=\"text-editor.default\">\n\t\t\t\t<div class=\"elementor-widget-container\">\n\t\t\t\t\t\t\t\t\t<p style=\"text-align: center;\">La Ingenier\u00eda Industrial es la rama de la ingenier\u00eda que tiene por objeto el planeamiento, dise\u00f1o, instalaci\u00f3n, interpretaci\u00f3n, mejoramiento y operaci\u00f3n de sistemas integrados por hombres, m\u00e1quinas y equipos, materiales, capital, tecnolog\u00eda y organizaci\u00f3n, realizando estudios simult\u00e1neos de todos los factores productivos que intervienen en este sistema de producci\u00f3n de bienes y\/o servicios, con juicio amplio e integrador, poniendo de manifiesto sus interrelaciones e informaci\u00f3n apropiada, tratando de especificar, predecir y valorar los resultados a obtener de aquellos sistemas, buscando optimizar los objetivos propios de la producci\u00f3n.<\/p>\t\t\t\t\t\t\t\t<\/div>\n\t\t\t\t<\/div>\n\t\t<div class=\"elementor-element elementor-element-b3ea8d9 e-con-full e-flex wpr-particle-no wpr-jarallax-no wpr-parallax-no wpr-sticky-section-no e-con e-child\" data-id=\"b3ea8d9\" data-element_type=\"container\">\n\t\t\t\t<div class=\"elementor-element elementor-element-5faf535 elementor-view-default elementor-widget elementor-widget-icon\" data-id=\"5faf535\" data-element_type=\"widget\" data-widget_type=\"icon.default\">\n\t\t\t\t<div class=\"elementor-widget-container\">\n\t\t\t\t\t\t\t<div class=\"elementor-icon-wrapper\">\n\t\t\t<div class=\"elementor-icon\">\n\t\t\t<svg aria-hidden=\"true\" class=\"e-font-icon-svg e-fas-calendar-alt\" viewBox=\"0 0 448 512\" xmlns=\"http:\/\/www.w3.org\/2000\/svg\"><path d=\"M0 464c0 26.5 21.5 48 48 48h352c26.5 0 48-21.5 48-48V192H0v272zm320-196c0-6.6 5.4-12 12-12h40c6.6 0 12 5.4 12 12v40c0 6.6-5.4 12-12 12h-40c-6.6 0-12-5.4-12-12v-40zm0 128c0-6.6 5.4-12 12-12h40c6.6 0 12 5.4 12 12v40c0 6.6-5.4 12-12 12h-40c-6.6 0-12-5.4-12-12v-40zM192 268c0-6.6 5.4-12 12-12h40c6.6 0 12 5.4 12 12v40c0 6.6-5.4 12-12 12h-40c-6.6 0-12-5.4-12-12v-40zm0 128c0-6.6 5.4-12 12-12h40c6.6 0 12 5.4 12 12v40c0 6.6-5.4 12-12 12h-40c-6.6 0-12-5.4-12-12v-40zM64 268c0-6.6 5.4-12 12-12h40c6.6 0 12 5.4 12 12v40c0 6.6-5.4 12-12 12H76c-6.6 0-12-5.4-12-12v-40zm0 128c0-6.6 5.4-12 12-12h40c6.6 0 12 5.4 12 12v40c0 6.6-5.4 12-12 12H76c-6.6 0-12-5.4-12-12v-40zM400 64h-48V16c0-8.8-7.2-16-16-16h-32c-8.8 0-16 7.2-16 16v48H160V16c0-8.8-7.2-16-16-16h-32c-8.8 0-16 7.2-16 16v48H48C21.5 64 0 85.5 0 112v48h448v-48c0-26.5-21.5-48-48-48z\"><\/path><\/svg>\t\t\t<\/div>\n\t\t<\/div>\n\t\t\t\t\t\t<\/div>\n\t\t\t\t<\/div>\n\t\t\t\t<div class=\"elementor-element elementor-element-d2bacc7 elementor-widget elementor-widget-heading\" data-id=\"d2bacc7\" data-element_type=\"widget\" data-widget_type=\"heading.default\">\n\t\t\t\t<div class=\"elementor-widget-container\">\n\t\t\t\t\t<h2 class=\"elementor-heading-title elementor-size-default\">Periodo Acad\u00e9mico<\/h2>\t\t\t\t<\/div>\n\t\t\t\t<\/div>\n\t\t\t\t<\/div>\n\t\t<div class=\"elementor-element elementor-element-7c206de e-con-full e-flex wpr-particle-no wpr-jarallax-no wpr-parallax-no wpr-sticky-section-no e-con e-child\" data-id=\"7c206de\" data-element_type=\"container\">\n\t\t<div class=\"elementor-element elementor-element-d29ad8f e-con-full e-flex wpr-particle-no wpr-jarallax-no wpr-parallax-no wpr-sticky-section-no e-con e-child\" data-id=\"d29ad8f\" data-element_type=\"container\" data-settings=\"{&quot;background_background&quot;:&quot;classic&quot;}\">\n\t\t\t\t<div class=\"elementor-element elementor-element-4cff3fc elementor-widget elementor-widget-heading\" data-id=\"4cff3fc\" data-element_type=\"widget\" data-widget_type=\"heading.default\">\n\t\t\t\t<div class=\"elementor-widget-container\">\n\t\t\t\t\t<h2 class=\"elementor-heading-title elementor-size-default\">5<\/h2>\t\t\t\t<\/div>\n\t\t\t\t<\/div>\n\t\t\t\t<div class=\"elementor-element elementor-element-01f13b3 elementor-widget elementor-widget-heading\" data-id=\"01f13b3\" data-element_type=\"widget\" data-widget_type=\"heading.default\">\n\t\t\t\t<div class=\"elementor-widget-container\">\n\t\t\t\t\t<h2 class=\"elementor-heading-title elementor-size-default\">A\u00d1OS<\/h2>\t\t\t\t<\/div>\n\t\t\t\t<\/div>\n\t\t\t\t<\/div>\n\t\t<div class=\"elementor-element elementor-element-13d9d4b e-con-full e-flex wpr-particle-no wpr-jarallax-no wpr-parallax-no wpr-sticky-section-no e-con e-child\" data-id=\"13d9d4b\" data-element_type=\"container\" data-settings=\"{&quot;background_background&quot;:&quot;classic&quot;}\">\n\t\t\t\t<div class=\"elementor-element elementor-element-a1199d6 elementor-widget elementor-widget-heading\" data-id=\"a1199d6\" data-element_type=\"widget\" data-widget_type=\"heading.default\">\n\t\t\t\t<div class=\"elementor-widget-container\">\n\t\t\t\t\t<h2 class=\"elementor-heading-title elementor-size-default\">10<\/h2>\t\t\t\t<\/div>\n\t\t\t\t<\/div>\n\t\t\t\t<div class=\"elementor-element elementor-element-c7818ae elementor-widget elementor-widget-heading\" data-id=\"c7818ae\" data-element_type=\"widget\" data-widget_type=\"heading.default\">\n\t\t\t\t<div class=\"elementor-widget-container\">\n\t\t\t\t\t<h2 class=\"elementor-heading-title elementor-size-default\">CICLOS<\/h2>\t\t\t\t<\/div>\n\t\t\t\t<\/div>\n\t\t\t\t<\/div>\n\t\t\t\t<\/div>\n\t\t\t\t<\/div>\n\t\t\t\t\t<\/div>\n\t\t\t\t<\/div>\n\t\t<div class=\"elementor-element elementor-element-b180868 e-flex e-con-boxed wpr-particle-no wpr-jarallax-no wpr-parallax-no wpr-sticky-section-no e-con e-parent\" data-id=\"b180868\" data-element_type=\"container\" data-settings=\"{&quot;background_background&quot;:&quot;classic&quot;}\">\n\t\t\t\t\t<div class=\"e-con-inner\">\n\t\t<div class=\"elementor-element elementor-element-8d0e673 e-con-full e-flex wpr-particle-no wpr-jarallax-no wpr-parallax-no wpr-sticky-section-no e-con e-child\" data-id=\"8d0e673\" data-element_type=\"container\">\n\t\t\t\t<div class=\"elementor-element elementor-element-af4c1b2 elementor-widget elementor-widget-heading\" data-id=\"af4c1b2\" data-element_type=\"widget\" data-widget_type=\"heading.default\">\n\t\t\t\t<div class=\"elementor-widget-container\">\n\t\t\t\t\t<h2 class=\"elementor-heading-title elementor-size-default\">NUESTROS OBJETIVOS<\/h2>\t\t\t\t<\/div>\n\t\t\t\t<\/div>\n\t\t\t\t<\/div>\n\t\t<div class=\"elementor-element elementor-element-718a8aa e-con-full e-flex wpr-particle-no wpr-jarallax-no wpr-parallax-no wpr-sticky-section-no e-con e-child\" data-id=\"718a8aa\" data-element_type=\"container\">\n\t\t<div class=\"elementor-element elementor-element-4805132 e-con-full e-flex wpr-particle-no wpr-jarallax-no wpr-parallax-no wpr-sticky-section-no e-con e-child\" data-id=\"4805132\" data-element_type=\"container\" data-settings=\"{&quot;background_background&quot;:&quot;classic&quot;}\">\n\t\t\t\t<div class=\"elementor-element elementor-element-6de03aa elementor-view-framed elementor-shape-circle elementor-widget elementor-widget-icon\" data-id=\"6de03aa\" data-element_type=\"widget\" data-widget_type=\"icon.default\">\n\t\t\t\t<div class=\"elementor-widget-container\">\n\t\t\t\t\t\t\t<div class=\"elementor-icon-wrapper\">\n\t\t\t<div class=\"elementor-icon\">\n\t\t\t<svg aria-hidden=\"true\" class=\"e-font-icon-svg e-fas-bullseye\" viewBox=\"0 0 496 512\" xmlns=\"http:\/\/www.w3.org\/2000\/svg\"><path d=\"M248 8C111.03 8 0 119.03 0 256s111.03 248 248 248 248-111.03 248-248S384.97 8 248 8zm0 432c-101.69 0-184-82.29-184-184 0-101.69 82.29-184 184-184 101.69 0 184 82.29 184 184 0 101.69-82.29 184-184 184zm0-312c-70.69 0-128 57.31-128 128s57.31 128 128 128 128-57.31 128-128-57.31-128-128-128zm0 192c-35.29 0-64-28.71-64-64s28.71-64 64-64 64 28.71 64 64-28.71 64-64 64z\"><\/path><\/svg>\t\t\t<\/div>\n\t\t<\/div>\n\t\t\t\t\t\t<\/div>\n\t\t\t\t<\/div>\n\t\t\t\t<div class=\"elementor-element elementor-element-bc57b53 elementor-widget elementor-widget-text-editor\" data-id=\"bc57b53\" data-element_type=\"widget\" data-widget_type=\"text-editor.default\">\n\t\t\t\t<div class=\"elementor-widget-container\">\n\t\t\t\t\t\t\t\t\t<p style=\"text-align: center;\">Gestionar la red de valor a trav\u00e9s de la innovaci\u00f3n, normalizaci\u00f3n y el mejoramiento continuo de los procesos productivos con pensamiento anal\u00edtico, productivo y cr\u00edtico, esp\u00edritu emprendedor y capacidad de liderar equipos altamente productivos contribuyendo con el desarrollo socioecon\u00f3mico del pa\u00eds en un entorno globalizado.<\/p>\t\t\t\t\t\t\t\t<\/div>\n\t\t\t\t<\/div>\n\t\t\t\t<\/div>\n\t\t<div class=\"elementor-element elementor-element-0ac1fbb e-con-full e-flex wpr-particle-no wpr-jarallax-no wpr-parallax-no wpr-sticky-section-no e-con e-child\" data-id=\"0ac1fbb\" data-element_type=\"container\" data-settings=\"{&quot;background_background&quot;:&quot;classic&quot;}\">\n\t\t\t\t<div class=\"elementor-element elementor-element-2ea28b3 elementor-view-framed elementor-shape-circle elementor-widget elementor-widget-icon\" data-id=\"2ea28b3\" data-element_type=\"widget\" data-widget_type=\"icon.default\">\n\t\t\t\t<div class=\"elementor-widget-container\">\n\t\t\t\t\t\t\t<div class=\"elementor-icon-wrapper\">\n\t\t\t<div class=\"elementor-icon\">\n\t\t\t<svg aria-hidden=\"true\" class=\"e-font-icon-svg e-fas-bullseye\" viewBox=\"0 0 496 512\" xmlns=\"http:\/\/www.w3.org\/2000\/svg\"><path d=\"M248 8C111.03 8 0 119.03 0 256s111.03 248 248 248 248-111.03 248-248S384.97 8 248 8zm0 432c-101.69 0-184-82.29-184-184 0-101.69 82.29-184 184-184 101.69 0 184 82.29 184 184 0 101.69-82.29 184-184 184zm0-312c-70.69 0-128 57.31-128 128s57.31 128 128 128 128-57.31 128-128-57.31-128-128-128zm0 192c-35.29 0-64-28.71-64-64s28.71-64 64-64 64 28.71 64 64-28.71 64-64 64z\"><\/path><\/svg>\t\t\t<\/div>\n\t\t<\/div>\n\t\t\t\t\t\t<\/div>\n\t\t\t\t<\/div>\n\t\t\t\t<div class=\"elementor-element elementor-element-4841ded elementor-widget elementor-widget-text-editor\" data-id=\"4841ded\" data-element_type=\"widget\" data-widget_type=\"text-editor.default\">\n\t\t\t\t<div class=\"elementor-widget-container\">\n\t\t\t\t\t\t\t\t\t<p style=\"text-align: center;\">Entender que el v\u00ednculo entre el conocimiento cient\u00edfico y tecnol\u00f3gico y el mejoramiento de la capacidad de gesti\u00f3n son clave para que las organizaciones empresariales puedan ingresar con posibilidades de \u00e9xito a los mercados mundiales.<\/p>\t\t\t\t\t\t\t\t<\/div>\n\t\t\t\t<\/div>\n\t\t\t\t<\/div>\n\t\t<div class=\"elementor-element elementor-element-a2e304d e-con-full e-flex wpr-particle-no wpr-jarallax-no wpr-parallax-no wpr-sticky-section-no e-con e-child\" data-id=\"a2e304d\" data-element_type=\"container\" data-settings=\"{&quot;background_background&quot;:&quot;classic&quot;}\">\n\t\t\t\t<div class=\"elementor-element elementor-element-be06c2b elementor-view-framed elementor-shape-circle elementor-widget elementor-widget-icon\" data-id=\"be06c2b\" data-element_type=\"widget\" data-widget_type=\"icon.default\">\n\t\t\t\t<div class=\"elementor-widget-container\">\n\t\t\t\t\t\t\t<div class=\"elementor-icon-wrapper\">\n\t\t\t<div class=\"elementor-icon\">\n\t\t\t<svg aria-hidden=\"true\" class=\"e-font-icon-svg e-fas-bullseye\" viewBox=\"0 0 496 512\" xmlns=\"http:\/\/www.w3.org\/2000\/svg\"><path d=\"M248 8C111.03 8 0 119.03 0 256s111.03 248 248 248 248-111.03 248-248S384.97 8 248 8zm0 432c-101.69 0-184-82.29-184-184 0-101.69 82.29-184 184-184 101.69 0 184 82.29 184 184 0 101.69-82.29 184-184 184zm0-312c-70.69 0-128 57.31-128 128s57.31 128 128 128 128-57.31 128-128-57.31-128-128-128zm0 192c-35.29 0-64-28.71-64-64s28.71-64 64-64 64 28.71 64 64-28.71 64-64 64z\"><\/path><\/svg>\t\t\t<\/div>\n\t\t<\/div>\n\t\t\t\t\t\t<\/div>\n\t\t\t\t<\/div>\n\t\t\t\t<div class=\"elementor-element elementor-element-ad7a956 elementor-widget elementor-widget-text-editor\" data-id=\"ad7a956\" data-element_type=\"widget\" data-widget_type=\"text-editor.default\">\n\t\t\t\t<div class=\"elementor-widget-container\">\n\t\t\t\t\t\t\t\t\t<p style=\"text-align: center;\">Elaborar proyectos de investigaci\u00f3n cient\u00edfica y tecnol\u00f3gica, orientadas al desarrollo de las \u00e1reas que comprende la carrera profesional.<\/p>\t\t\t\t\t\t\t\t<\/div>\n\t\t\t\t<\/div>\n\t\t\t\t<\/div>\n\t\t\t\t<\/div>\n\t\t\t\t\t<\/div>\n\t\t\t\t<\/div>\n\t\t<div class=\"elementor-element elementor-element-73c2204 e-flex e-con-boxed wpr-particle-no wpr-jarallax-no wpr-parallax-no wpr-sticky-section-no e-con e-parent\" data-id=\"73c2204\" data-element_type=\"container\">\n\t\t\t\t\t<div class=\"e-con-inner\">\n\t\t<div class=\"elementor-element elementor-element-1b25231 e-con-full e-flex wpr-particle-no wpr-jarallax-no wpr-parallax-no wpr-sticky-section-no e-con e-child\" data-id=\"1b25231\" data-element_type=\"container\">\n\t\t\t\t<div class=\"elementor-element elementor-element-c99d214 elementor-widget elementor-widget-heading\" data-id=\"c99d214\" data-element_type=\"widget\" data-widget_type=\"heading.default\">\n\t\t\t\t<div class=\"elementor-widget-container\">\n\t\t\t\t\t<h2 class=\"elementor-heading-title elementor-size-default\">INFORMACI\u00d3N ACADEMICA<\/h2>\t\t\t\t<\/div>\n\t\t\t\t<\/div>\n\t\t\t\t<\/div>\n\t\t<div class=\"elementor-element elementor-element-3285edc e-con-full e-flex wpr-particle-no wpr-jarallax-no wpr-parallax-no wpr-sticky-section-no e-con e-child\" data-id=\"3285edc\" data-element_type=\"container\">\n\t\t<div class=\"elementor-element elementor-element-a4b51cb e-con-full e-flex wpr-particle-no wpr-jarallax-no wpr-parallax-no wpr-sticky-section-no e-con e-child\" data-id=\"a4b51cb\" data-element_type=\"container\" data-settings=\"{&quot;background_background&quot;:&quot;classic&quot;}\">\n\t\t<div data-premium-element-link=\"{&quot;type&quot;:&quot;url&quot;,&quot;link&quot;:{&quot;url&quot;:&quot;http:\\\/\\\/www.unp.edu.pe\\\/plancurric\\\/plancurricular052.pdf&quot;,&quot;is_external&quot;:&quot;on&quot;,&quot;nofollow&quot;:&quot;&quot;,&quot;custom_attributes&quot;:&quot;&quot;},&quot;href&quot;:&quot;http:\\\/\\\/www.unp.edu.pe\\\/plancurric\\\/plancurricular052.pdf&quot;}\" style=\"cursor: pointer\" class=\"elementor-element elementor-element-55d559b e-con-full premium-wrapper-link-yes e-flex wpr-particle-no wpr-jarallax-no wpr-parallax-no wpr-sticky-section-no e-con e-child\" data-id=\"55d559b\" data-element_type=\"container\">\n\t\t\t\t<div class=\"elementor-element elementor-element-5f66a49 elementor-view-stacked elementor-shape-circle elementor-widget elementor-widget-icon\" data-id=\"5f66a49\" data-element_type=\"widget\" data-widget_type=\"icon.default\">\n\t\t\t\t<div class=\"elementor-widget-container\">\n\t\t\t\t\t\t\t<div class=\"elementor-icon-wrapper\">\n\t\t\t<div class=\"elementor-icon\">\n\t\t\t<svg aria-hidden=\"true\" class=\"e-font-icon-svg e-fas-file-download\" viewBox=\"0 0 384 512\" xmlns=\"http:\/\/www.w3.org\/2000\/svg\"><path d=\"M224 136V0H24C10.7 0 0 10.7 0 24v464c0 13.3 10.7 24 24 24h336c13.3 0 24-10.7 24-24V160H248c-13.2 0-24-10.8-24-24zm76.45 211.36l-96.42 95.7c-6.65 6.61-17.39 6.61-24.04 0l-96.42-95.7C73.42 337.29 80.54 320 94.82 320H160v-80c0-8.84 7.16-16 16-16h32c8.84 0 16 7.16 16 16v80h65.18c14.28 0 21.4 17.29 11.27 27.36zM377 105L279.1 7c-4.5-4.5-10.6-7-17-7H256v128h128v-6.1c0-6.3-2.5-12.4-7-16.9z\"><\/path><\/svg>\t\t\t<\/div>\n\t\t<\/div>\n\t\t\t\t\t\t<\/div>\n\t\t\t\t<\/div>\n\t\t\t\t<div class=\"elementor-element elementor-element-29d7c24 elementor-widget elementor-widget-heading\" data-id=\"29d7c24\" data-element_type=\"widget\" data-widget_type=\"heading.default\">\n\t\t\t\t<div class=\"elementor-widget-container\">\n\t\t\t\t\t<h2 class=\"elementor-heading-title elementor-size-default\">Plan Curricular<\/h2>\t\t\t\t<\/div>\n\t\t\t\t<\/div>\n\t\t\t\t<\/div>\n\t\t<div data-premium-element-link=\"{&quot;type&quot;:&quot;url&quot;,&quot;link&quot;:{&quot;url&quot;:&quot;http:\\\/\\\/www.unp.edu.pe\\\/plancurric\\\/resolindustrial.pdf&quot;,&quot;is_external&quot;:&quot;on&quot;,&quot;nofollow&quot;:&quot;&quot;,&quot;custom_attributes&quot;:&quot;&quot;},&quot;href&quot;:&quot;http:\\\/\\\/www.unp.edu.pe\\\/plancurric\\\/resolindustrial.pdf&quot;}\" style=\"cursor: pointer\" class=\"elementor-element elementor-element-dddda55 e-con-full premium-wrapper-link-yes e-flex wpr-particle-no wpr-jarallax-no wpr-parallax-no wpr-sticky-section-no e-con e-child\" data-id=\"dddda55\" data-element_type=\"container\">\n\t\t\t\t<div class=\"elementor-element elementor-element-019ba3e elementor-view-stacked elementor-shape-circle elementor-widget elementor-widget-icon\" data-id=\"019ba3e\" data-element_type=\"widget\" data-widget_type=\"icon.default\">\n\t\t\t\t<div class=\"elementor-widget-container\">\n\t\t\t\t\t\t\t<div class=\"elementor-icon-wrapper\">\n\t\t\t<div class=\"elementor-icon\">\n\t\t\t<svg aria-hidden=\"true\" class=\"e-font-icon-svg e-fas-file-download\" viewBox=\"0 0 384 512\" xmlns=\"http:\/\/www.w3.org\/2000\/svg\"><path d=\"M224 136V0H24C10.7 0 0 10.7 0 24v464c0 13.3 10.7 24 24 24h336c13.3 0 24-10.7 24-24V160H248c-13.2 0-24-10.8-24-24zm76.45 211.36l-96.42 95.7c-6.65 6.61-17.39 6.61-24.04 0l-96.42-95.7C73.42 337.29 80.54 320 94.82 320H160v-80c0-8.84 7.16-16 16-16h32c8.84 0 16 7.16 16 16v80h65.18c14.28 0 21.4 17.29 11.27 27.36zM377 105L279.1 7c-4.5-4.5-10.6-7-17-7H256v128h128v-6.1c0-6.3-2.5-12.4-7-16.9z\"><\/path><\/svg>\t\t\t<\/div>\n\t\t<\/div>\n\t\t\t\t\t\t<\/div>\n\t\t\t\t<\/div>\n\t\t\t\t<div class=\"elementor-element elementor-element-7234fd5 elementor-widget elementor-widget-heading\" data-id=\"7234fd5\" data-element_type=\"widget\" data-widget_type=\"heading.default\">\n\t\t\t\t<div class=\"elementor-widget-container\">\n\t\t\t\t\t<h2 class=\"elementor-heading-title elementor-size-default\">Resoluciones<\/h2>\t\t\t\t<\/div>\n\t\t\t\t<\/div>\n\t\t\t\t<\/div>\n\t\t\t\t<\/div>\n\t\t\t\t<\/div>\n\t\t\t\t\t<\/div>\n\t\t\t\t<\/div>\n\t\t\t\t<\/div>\n\t\t","protected":false},"excerpt":{"rendered":"<p>CONOCE NUESTRA ESCUELA La Ingenier\u00eda Industrial es la rama de la ingenier\u00eda que tiene por objeto el planeamiento, dise\u00f1o, instalaci\u00f3n, interpretaci\u00f3n, mejoramiento y operaci\u00f3n de sistemas integrados por hombres, m\u00e1quinas y equipos, materiales, capital, tecnolog\u00eda y organizaci\u00f3n, realizando estudios simult\u00e1neos de todos los factores productivos que intervienen en este sistema de producci\u00f3n de bienes y\/o servicios, con juicio amplio e integrador, poniendo de manifiesto sus interrelaciones e informaci\u00f3n apropiada, tratando de especificar, predecir y valorar los resultados a obtener de aquellos sistemas, buscando optimizar los objetivos propios de la producci\u00f3n. Periodo Acad\u00e9mico 5 A\u00d1OS 10 CICLOS NUESTROS OBJETIVOS Gestionar la red de valor a trav\u00e9s de la innovaci\u00f3n, normalizaci\u00f3n y el mejoramiento continuo de los procesos productivos con pensamiento anal\u00edtico, productivo y cr\u00edtico, esp\u00edritu emprendedor y capacidad de liderar equipos altamente productivos contribuyendo con el desarrollo socioecon\u00f3mico del pa\u00eds en un entorno globalizado. Entender que el v\u00ednculo entre el conocimiento cient\u00edfico y tecnol\u00f3gico y el mejoramiento de la capacidad de gesti\u00f3n son clave para que las organizaciones empresariales puedan ingresar con posibilidades de \u00e9xito a los mercados mundiales. Elaborar proyectos de investigaci\u00f3n cient\u00edfica y tecnol\u00f3gica, orientadas al desarrollo de las \u00e1reas que comprende la carrera profesional. INFORMACI\u00d3N ACADEMICA Plan Curricular Resoluciones<\/p>\n","protected":false},"author":2,"featured_media":0,"parent":0,"menu_order":0,"comment_status":"closed","ping_status":"closed","template":"","meta":{"footnotes":""},"class_list":["post-4482","page","type-page","status-publish","hentry"],"_links":{"self":[{"href":"https:\/\/www.unp.edu.pe\/web\/wp-json\/wp\/v2\/pages\/4482","targetHints":{"allow":["GET"]}}],"collection":[{"href":"https:\/\/www.unp.edu.pe\/web\/wp-json\/wp\/v2\/pages"}],"about":[{"href":"https:\/\/www.unp.edu.pe\/web\/wp-json\/wp\/v2\/types\/page"}],"author":[{"embeddable":true,"href":"https:\/\/www.unp.edu.pe\/web\/wp-json\/wp\/v2\/users\/2"}],"replies":[{"embeddable":true,"href":"https:\/\/www.unp.edu.pe\/web\/wp-json\/wp\/v2\/comments?post=4482"}],"version-history":[{"count":20,"href":"https:\/\/www.unp.edu.pe\/web\/wp-json\/wp\/v2\/pages\/4482\/revisions"}],"predecessor-version":[{"id":7582,"href":"https:\/\/www.unp.edu.pe\/web\/wp-json\/wp\/v2\/pages\/4482\/revisions\/7582"}],"wp:attachment":[{"href":"https:\/\/www.unp.edu.pe\/web\/wp-json\/wp\/v2\/media?parent=4482"}],"curies":[{"name":"wp","href":"https:\/\/api.w.org\/{rel}","templated":true}]}}