{"id":4496,"date":"2024-11-22T01:42:55","date_gmt":"2024-11-22T00:42:55","guid":{"rendered":"https:\/\/www.unp.edu.pe\/web\/?page_id=4496"},"modified":"2025-03-14T18:48:34","modified_gmt":"2025-03-14T17:48:34","slug":"escuela-de-ingenieria-industrial-e-industrias-alimentarias","status":"publish","type":"page","link":"https:\/\/www.unp.edu.pe\/web\/escuela-de-ingenieria-industrial-e-industrias-alimentarias\/","title":{"rendered":"Escuela de Ingenier\u00eda Industrial e Industrias Alimentarias"},"content":{"rendered":"\t\t<div data-elementor-type=\"wp-page\" data-elementor-id=\"4496\" class=\"elementor elementor-4496\">\n\t\t\t\t<div class=\"elementor-element elementor-element-9398dbb e-con-full e-flex wpr-particle-no wpr-jarallax-no wpr-parallax-no wpr-sticky-section-no e-con e-parent\" data-id=\"9398dbb\" data-element_type=\"container\" data-settings=\"{&quot;background_background&quot;:&quot;classic&quot;}\">\n\t\t\t\t<div class=\"elementor-element elementor-element-3d848c4 elementor-hidden-mobile elementor-widget elementor-widget-image\" data-id=\"3d848c4\" data-element_type=\"widget\" data-widget_type=\"image.default\">\n\t\t\t\t<div class=\"elementor-widget-container\">\n\t\t\t\t\t\t\t\t\t\t\t\t\t\t\t<img fetchpriority=\"high\" decoding=\"async\" width=\"2048\" height=\"558\" src=\"https:\/\/www.unp.edu.pe\/web\/wp-content\/uploads\/2025\/03\/image-72.png\" class=\"attachment-full size-full wp-image-7592\" alt=\"\" srcset=\"https:\/\/www.unp.edu.pe\/web\/wp-content\/uploads\/2025\/03\/image-72.png 2048w, https:\/\/www.unp.edu.pe\/web\/wp-content\/uploads\/2025\/03\/image-72-300x82.png 300w, https:\/\/www.unp.edu.pe\/web\/wp-content\/uploads\/2025\/03\/image-72-1024x279.png 1024w, https:\/\/www.unp.edu.pe\/web\/wp-content\/uploads\/2025\/03\/image-72-768x209.png 768w, https:\/\/www.unp.edu.pe\/web\/wp-content\/uploads\/2025\/03\/image-72-1536x419.png 1536w, https:\/\/www.unp.edu.pe\/web\/wp-content\/uploads\/2025\/03\/image-72-570x155.png 570w, https:\/\/www.unp.edu.pe\/web\/wp-content\/uploads\/2025\/03\/image-72-270x74.png 270w\" sizes=\"(max-width: 2048px) 100vw, 2048px\" \/>\t\t\t\t\t\t\t\t\t\t\t\t\t\t\t<\/div>\n\t\t\t\t<\/div>\n\t\t\t\t<div class=\"elementor-element elementor-element-a788aa1 elementor-hidden-desktop elementor-hidden-tablet elementor-widget elementor-widget-image\" data-id=\"a788aa1\" data-element_type=\"widget\" data-widget_type=\"image.default\">\n\t\t\t\t<div class=\"elementor-widget-container\">\n\t\t\t\t\t\t\t\t\t\t\t\t\t\t\t<img decoding=\"async\" width=\"1345\" height=\"1152\" src=\"https:\/\/www.unp.edu.pe\/web\/wp-content\/uploads\/2025\/03\/image-73.png\" class=\"attachment-full size-full wp-image-7593\" alt=\"\" srcset=\"https:\/\/www.unp.edu.pe\/web\/wp-content\/uploads\/2025\/03\/image-73.png 1345w, https:\/\/www.unp.edu.pe\/web\/wp-content\/uploads\/2025\/03\/image-73-300x257.png 300w, https:\/\/www.unp.edu.pe\/web\/wp-content\/uploads\/2025\/03\/image-73-1024x877.png 1024w, https:\/\/www.unp.edu.pe\/web\/wp-content\/uploads\/2025\/03\/image-73-768x658.png 768w, https:\/\/www.unp.edu.pe\/web\/wp-content\/uploads\/2025\/03\/image-73-385x330.png 385w, https:\/\/www.unp.edu.pe\/web\/wp-content\/uploads\/2025\/03\/image-73-210x180.png 210w\" sizes=\"(max-width: 1345px) 100vw, 1345px\" \/>\t\t\t\t\t\t\t\t\t\t\t\t\t\t\t<\/div>\n\t\t\t\t<\/div>\n\t\t\t\t<\/div>\n\t\t<div class=\"elementor-element elementor-element-d64895a e-flex e-con-boxed wpr-particle-no wpr-jarallax-no wpr-parallax-no wpr-sticky-section-no e-con e-parent\" data-id=\"d64895a\" data-element_type=\"container\">\n\t\t\t\t\t<div class=\"e-con-inner\">\n\t\t<div class=\"elementor-element elementor-element-b5e7af6 e-con-full e-flex wpr-particle-no wpr-jarallax-no wpr-parallax-no wpr-sticky-section-no e-con e-child\" data-id=\"b5e7af6\" data-element_type=\"container\">\n\t\t\t\t<div class=\"elementor-element elementor-element-a11a5f9 elementor-widget elementor-widget-heading\" data-id=\"a11a5f9\" data-element_type=\"widget\" data-widget_type=\"heading.default\">\n\t\t\t\t<div class=\"elementor-widget-container\">\n\t\t\t\t\t<h2 class=\"elementor-heading-title elementor-size-default\">CONOCE NUESTRA ESCUELA<\/h2>\t\t\t\t<\/div>\n\t\t\t\t<\/div>\n\t\t\t\t<div class=\"elementor-element elementor-element-a8893d7 elementor-widget elementor-widget-text-editor\" data-id=\"a8893d7\" data-element_type=\"widget\" data-widget_type=\"text-editor.default\">\n\t\t\t\t<div class=\"elementor-widget-container\">\n\t\t\t\t\t\t\t\t\t<p>La Ingenier\u00eda Agroindustrial e Industrias Alimentarias es la rama de la ingenier\u00eda que tiene por objeto el planeamiento, dise\u00f1o, construcci\u00f3n, instalaci\u00f3n, mejoramiento y operaci\u00f3n de sistemas integrados por hombres, m\u00e1quinas y equipos, materias primas, ciencia, tecnolog\u00eda e ingenier\u00eda aplicado a los procesos agroalimentarios, realizando estudios simult\u00e1neos de todos los factores productivos que intervienen en este sistema de producci\u00f3n de bienes y\/o servicios, con juicio amplio e integrador, para resolver problemas que se presenten y optimizando las diferentes operaciones a realizar.<\/p>\t\t\t\t\t\t\t\t<\/div>\n\t\t\t\t<\/div>\n\t\t<div class=\"elementor-element elementor-element-5d67d2a e-con-full e-flex wpr-particle-no wpr-jarallax-no wpr-parallax-no wpr-sticky-section-no e-con e-child\" data-id=\"5d67d2a\" data-element_type=\"container\">\n\t\t\t\t<div class=\"elementor-element elementor-element-db89105 elementor-view-default elementor-widget elementor-widget-icon\" data-id=\"db89105\" data-element_type=\"widget\" data-widget_type=\"icon.default\">\n\t\t\t\t<div class=\"elementor-widget-container\">\n\t\t\t\t\t\t\t<div class=\"elementor-icon-wrapper\">\n\t\t\t<div class=\"elementor-icon\">\n\t\t\t<svg aria-hidden=\"true\" class=\"e-font-icon-svg e-fas-calendar-alt\" viewBox=\"0 0 448 512\" xmlns=\"http:\/\/www.w3.org\/2000\/svg\"><path d=\"M0 464c0 26.5 21.5 48 48 48h352c26.5 0 48-21.5 48-48V192H0v272zm320-196c0-6.6 5.4-12 12-12h40c6.6 0 12 5.4 12 12v40c0 6.6-5.4 12-12 12h-40c-6.6 0-12-5.4-12-12v-40zm0 128c0-6.6 5.4-12 12-12h40c6.6 0 12 5.4 12 12v40c0 6.6-5.4 12-12 12h-40c-6.6 0-12-5.4-12-12v-40zM192 268c0-6.6 5.4-12 12-12h40c6.6 0 12 5.4 12 12v40c0 6.6-5.4 12-12 12h-40c-6.6 0-12-5.4-12-12v-40zm0 128c0-6.6 5.4-12 12-12h40c6.6 0 12 5.4 12 12v40c0 6.6-5.4 12-12 12h-40c-6.6 0-12-5.4-12-12v-40zM64 268c0-6.6 5.4-12 12-12h40c6.6 0 12 5.4 12 12v40c0 6.6-5.4 12-12 12H76c-6.6 0-12-5.4-12-12v-40zm0 128c0-6.6 5.4-12 12-12h40c6.6 0 12 5.4 12 12v40c0 6.6-5.4 12-12 12H76c-6.6 0-12-5.4-12-12v-40zM400 64h-48V16c0-8.8-7.2-16-16-16h-32c-8.8 0-16 7.2-16 16v48H160V16c0-8.8-7.2-16-16-16h-32c-8.8 0-16 7.2-16 16v48H48C21.5 64 0 85.5 0 112v48h448v-48c0-26.5-21.5-48-48-48z\"><\/path><\/svg>\t\t\t<\/div>\n\t\t<\/div>\n\t\t\t\t\t\t<\/div>\n\t\t\t\t<\/div>\n\t\t\t\t<div class=\"elementor-element elementor-element-2932bf5 elementor-widget elementor-widget-heading\" data-id=\"2932bf5\" data-element_type=\"widget\" data-widget_type=\"heading.default\">\n\t\t\t\t<div class=\"elementor-widget-container\">\n\t\t\t\t\t<h2 class=\"elementor-heading-title elementor-size-default\">Periodo Acad\u00e9mico<\/h2>\t\t\t\t<\/div>\n\t\t\t\t<\/div>\n\t\t\t\t<\/div>\n\t\t<div class=\"elementor-element elementor-element-74466f0 e-con-full e-flex wpr-particle-no wpr-jarallax-no wpr-parallax-no wpr-sticky-section-no e-con e-child\" data-id=\"74466f0\" data-element_type=\"container\">\n\t\t<div class=\"elementor-element elementor-element-ab8bc9e e-con-full e-flex wpr-particle-no wpr-jarallax-no wpr-parallax-no wpr-sticky-section-no e-con e-child\" data-id=\"ab8bc9e\" data-element_type=\"container\" data-settings=\"{&quot;background_background&quot;:&quot;classic&quot;}\">\n\t\t\t\t<div class=\"elementor-element elementor-element-7780b55 elementor-widget elementor-widget-heading\" data-id=\"7780b55\" data-element_type=\"widget\" data-widget_type=\"heading.default\">\n\t\t\t\t<div class=\"elementor-widget-container\">\n\t\t\t\t\t<h2 class=\"elementor-heading-title elementor-size-default\">5<\/h2>\t\t\t\t<\/div>\n\t\t\t\t<\/div>\n\t\t\t\t<div class=\"elementor-element elementor-element-c81c662 elementor-widget elementor-widget-heading\" data-id=\"c81c662\" data-element_type=\"widget\" data-widget_type=\"heading.default\">\n\t\t\t\t<div class=\"elementor-widget-container\">\n\t\t\t\t\t<h2 class=\"elementor-heading-title elementor-size-default\">A\u00d1OS<\/h2>\t\t\t\t<\/div>\n\t\t\t\t<\/div>\n\t\t\t\t<\/div>\n\t\t<div class=\"elementor-element elementor-element-7910e98 e-con-full e-flex wpr-particle-no wpr-jarallax-no wpr-parallax-no wpr-sticky-section-no e-con e-child\" data-id=\"7910e98\" data-element_type=\"container\" data-settings=\"{&quot;background_background&quot;:&quot;classic&quot;}\">\n\t\t\t\t<div class=\"elementor-element elementor-element-d60614c elementor-widget elementor-widget-heading\" data-id=\"d60614c\" data-element_type=\"widget\" data-widget_type=\"heading.default\">\n\t\t\t\t<div class=\"elementor-widget-container\">\n\t\t\t\t\t<h2 class=\"elementor-heading-title elementor-size-default\">10<\/h2>\t\t\t\t<\/div>\n\t\t\t\t<\/div>\n\t\t\t\t<div class=\"elementor-element elementor-element-5b5d31e elementor-widget elementor-widget-heading\" data-id=\"5b5d31e\" data-element_type=\"widget\" data-widget_type=\"heading.default\">\n\t\t\t\t<div class=\"elementor-widget-container\">\n\t\t\t\t\t<h2 class=\"elementor-heading-title elementor-size-default\">CICLOS<\/h2>\t\t\t\t<\/div>\n\t\t\t\t<\/div>\n\t\t\t\t<\/div>\n\t\t\t\t<\/div>\n\t\t\t\t<\/div>\n\t\t\t\t\t<\/div>\n\t\t\t\t<\/div>\n\t\t<div class=\"elementor-element elementor-element-b14a509 e-flex e-con-boxed wpr-particle-no wpr-jarallax-no wpr-parallax-no wpr-sticky-section-no e-con e-parent\" data-id=\"b14a509\" data-element_type=\"container\" data-settings=\"{&quot;background_background&quot;:&quot;classic&quot;}\">\n\t\t\t\t\t<div class=\"e-con-inner\">\n\t\t<div class=\"elementor-element elementor-element-6d89ed6 e-con-full e-flex wpr-particle-no wpr-jarallax-no wpr-parallax-no wpr-sticky-section-no e-con e-child\" data-id=\"6d89ed6\" data-element_type=\"container\">\n\t\t\t\t<div class=\"elementor-element elementor-element-1872898 elementor-widget elementor-widget-heading\" data-id=\"1872898\" data-element_type=\"widget\" data-widget_type=\"heading.default\">\n\t\t\t\t<div class=\"elementor-widget-container\">\n\t\t\t\t\t<h2 class=\"elementor-heading-title elementor-size-default\">NUESTROS OBJETIVOS<\/h2>\t\t\t\t<\/div>\n\t\t\t\t<\/div>\n\t\t\t\t<\/div>\n\t\t<div class=\"elementor-element elementor-element-96998fc e-con-full e-flex wpr-particle-no wpr-jarallax-no wpr-parallax-no wpr-sticky-section-no e-con e-child\" data-id=\"96998fc\" data-element_type=\"container\">\n\t\t<div class=\"elementor-element elementor-element-e097fcd e-con-full e-flex wpr-particle-no wpr-jarallax-no wpr-parallax-no wpr-sticky-section-no e-con e-child\" data-id=\"e097fcd\" data-element_type=\"container\" data-settings=\"{&quot;background_background&quot;:&quot;classic&quot;}\">\n\t\t\t\t<div class=\"elementor-element elementor-element-005092e elementor-view-framed elementor-shape-circle elementor-widget elementor-widget-icon\" data-id=\"005092e\" data-element_type=\"widget\" data-widget_type=\"icon.default\">\n\t\t\t\t<div class=\"elementor-widget-container\">\n\t\t\t\t\t\t\t<div class=\"elementor-icon-wrapper\">\n\t\t\t<div class=\"elementor-icon\">\n\t\t\t<svg aria-hidden=\"true\" class=\"e-font-icon-svg e-fas-bullseye\" viewBox=\"0 0 496 512\" xmlns=\"http:\/\/www.w3.org\/2000\/svg\"><path d=\"M248 8C111.03 8 0 119.03 0 256s111.03 248 248 248 248-111.03 248-248S384.97 8 248 8zm0 432c-101.69 0-184-82.29-184-184 0-101.69 82.29-184 184-184 101.69 0 184 82.29 184 184 0 101.69-82.29 184-184 184zm0-312c-70.69 0-128 57.31-128 128s57.31 128 128 128 128-57.31 128-128-57.31-128-128-128zm0 192c-35.29 0-64-28.71-64-64s28.71-64 64-64 64 28.71 64 64-28.71 64-64 64z\"><\/path><\/svg>\t\t\t<\/div>\n\t\t<\/div>\n\t\t\t\t\t\t<\/div>\n\t\t\t\t<\/div>\n\t\t\t\t<div class=\"elementor-element elementor-element-19777ff elementor-widget elementor-widget-text-editor\" data-id=\"19777ff\" data-element_type=\"widget\" data-widget_type=\"text-editor.default\">\n\t\t\t\t<div class=\"elementor-widget-container\">\n\t\t\t\t\t\t\t\t\t<p style=\"text-align: center;\">El aprendiz m\u00e1ximo trav\u00e9s de la innovaci\u00f3n, conservaci\u00f3n, normalizaci\u00f3n y el mejoramiento continuo de los diferentes procesos y productos con conocimiento anal\u00edtico, creativo y cr\u00edtico, esp\u00edritu emprendedor y capaz de aprovechar los diferentes procesos productivos generando y contribuyendo con el desarrollo del pa\u00eds en su entorno globalizado.<\/p>\t\t\t\t\t\t\t\t<\/div>\n\t\t\t\t<\/div>\n\t\t\t\t<\/div>\n\t\t<div class=\"elementor-element elementor-element-d9bb978 e-con-full e-flex wpr-particle-no wpr-jarallax-no wpr-parallax-no wpr-sticky-section-no e-con e-child\" data-id=\"d9bb978\" data-element_type=\"container\" data-settings=\"{&quot;background_background&quot;:&quot;classic&quot;}\">\n\t\t\t\t<div class=\"elementor-element elementor-element-3246e5e elementor-view-framed elementor-shape-circle elementor-widget elementor-widget-icon\" data-id=\"3246e5e\" data-element_type=\"widget\" data-widget_type=\"icon.default\">\n\t\t\t\t<div class=\"elementor-widget-container\">\n\t\t\t\t\t\t\t<div class=\"elementor-icon-wrapper\">\n\t\t\t<div class=\"elementor-icon\">\n\t\t\t<svg aria-hidden=\"true\" class=\"e-font-icon-svg e-fas-bullseye\" viewBox=\"0 0 496 512\" xmlns=\"http:\/\/www.w3.org\/2000\/svg\"><path d=\"M248 8C111.03 8 0 119.03 0 256s111.03 248 248 248 248-111.03 248-248S384.97 8 248 8zm0 432c-101.69 0-184-82.29-184-184 0-101.69 82.29-184 184-184 101.69 0 184 82.29 184 184 0 101.69-82.29 184-184 184zm0-312c-70.69 0-128 57.31-128 128s57.31 128 128 128 128-57.31 128-128-57.31-128-128-128zm0 192c-35.29 0-64-28.71-64-64s28.71-64 64-64 64 28.71 64 64-28.71 64-64 64z\"><\/path><\/svg>\t\t\t<\/div>\n\t\t<\/div>\n\t\t\t\t\t\t<\/div>\n\t\t\t\t<\/div>\n\t\t\t\t<div class=\"elementor-element elementor-element-5f6ca56 elementor-widget elementor-widget-text-editor\" data-id=\"5f6ca56\" data-element_type=\"widget\" data-widget_type=\"text-editor.default\">\n\t\t\t\t<div class=\"elementor-widget-container\">\n\t\t\t\t\t\t\t\t\t<p style=\"text-align: center;\">La transformaci\u00f3n,\u00a0 innovaci\u00f3n de procesos productivos, aplicando las tecnolog\u00edas y que permiten aprovechar las materias primas e insumos para la satisfacci\u00f3n del consumidor con el prop\u00f3sito de darle un valor agregado.<\/p>\t\t\t\t\t\t\t\t<\/div>\n\t\t\t\t<\/div>\n\t\t\t\t<\/div>\n\t\t<div class=\"elementor-element elementor-element-7a182e2 e-con-full e-flex wpr-particle-no wpr-jarallax-no wpr-parallax-no wpr-sticky-section-no e-con e-child\" data-id=\"7a182e2\" data-element_type=\"container\" data-settings=\"{&quot;background_background&quot;:&quot;classic&quot;}\">\n\t\t\t\t<div class=\"elementor-element elementor-element-28229e1 elementor-view-framed elementor-shape-circle elementor-widget elementor-widget-icon\" data-id=\"28229e1\" data-element_type=\"widget\" data-widget_type=\"icon.default\">\n\t\t\t\t<div class=\"elementor-widget-container\">\n\t\t\t\t\t\t\t<div class=\"elementor-icon-wrapper\">\n\t\t\t<div class=\"elementor-icon\">\n\t\t\t<svg aria-hidden=\"true\" class=\"e-font-icon-svg e-fas-bullseye\" viewBox=\"0 0 496 512\" xmlns=\"http:\/\/www.w3.org\/2000\/svg\"><path d=\"M248 8C111.03 8 0 119.03 0 256s111.03 248 248 248 248-111.03 248-248S384.97 8 248 8zm0 432c-101.69 0-184-82.29-184-184 0-101.69 82.29-184 184-184 101.69 0 184 82.29 184 184 0 101.69-82.29 184-184 184zm0-312c-70.69 0-128 57.31-128 128s57.31 128 128 128 128-57.31 128-128-57.31-128-128-128zm0 192c-35.29 0-64-28.71-64-64s28.71-64 64-64 64 28.71 64 64-28.71 64-64 64z\"><\/path><\/svg>\t\t\t<\/div>\n\t\t<\/div>\n\t\t\t\t\t\t<\/div>\n\t\t\t\t<\/div>\n\t\t\t\t<div class=\"elementor-element elementor-element-bf0e1dd elementor-widget elementor-widget-text-editor\" data-id=\"bf0e1dd\" data-element_type=\"widget\" data-widget_type=\"text-editor.default\">\n\t\t\t\t<div class=\"elementor-widget-container\">\n\t\t\t\t\t\t\t\t\t<p style=\"text-align: center;\">Formar profesionales de Ingenier\u00eda Agroindustrial e Industrias Alimentarias, competitivos, conocedores de la realidad socioecon\u00f3mica de su entorno y preparados acad\u00e9micamente para responder con \u00e9xito a los retos que le demande el mercado laboral.\u00a0\u00a0\u00a0<\/p>\t\t\t\t\t\t\t\t<\/div>\n\t\t\t\t<\/div>\n\t\t\t\t<\/div>\n\t\t\t\t<\/div>\n\t\t\t\t\t<\/div>\n\t\t\t\t<\/div>\n\t\t<div class=\"elementor-element elementor-element-a7c0208 e-flex e-con-boxed wpr-particle-no wpr-jarallax-no wpr-parallax-no wpr-sticky-section-no e-con e-parent\" data-id=\"a7c0208\" data-element_type=\"container\">\n\t\t\t\t\t<div class=\"e-con-inner\">\n\t\t<div class=\"elementor-element elementor-element-f0d6632 e-con-full e-flex wpr-particle-no wpr-jarallax-no wpr-parallax-no wpr-sticky-section-no e-con e-child\" data-id=\"f0d6632\" data-element_type=\"container\">\n\t\t\t\t<div class=\"elementor-element elementor-element-09a1feb elementor-widget elementor-widget-heading\" data-id=\"09a1feb\" data-element_type=\"widget\" data-widget_type=\"heading.default\">\n\t\t\t\t<div class=\"elementor-widget-container\">\n\t\t\t\t\t<h2 class=\"elementor-heading-title elementor-size-default\">INFORMACI\u00d3N ACADEMICA<\/h2>\t\t\t\t<\/div>\n\t\t\t\t<\/div>\n\t\t\t\t<\/div>\n\t\t<div class=\"elementor-element elementor-element-7eea970 e-con-full e-flex wpr-particle-no wpr-jarallax-no wpr-parallax-no wpr-sticky-section-no e-con e-child\" data-id=\"7eea970\" data-element_type=\"container\">\n\t\t<div class=\"elementor-element elementor-element-4c8ee27 e-con-full e-flex wpr-particle-no wpr-jarallax-no wpr-parallax-no wpr-sticky-section-no e-con e-child\" data-id=\"4c8ee27\" data-element_type=\"container\" data-settings=\"{&quot;background_background&quot;:&quot;classic&quot;}\">\n\t\t<div data-premium-element-link=\"{&quot;type&quot;:&quot;url&quot;,&quot;link&quot;:{&quot;url&quot;:&quot;http:\\\/\\\/www.unp.edu.pe\\\/plancurric\\\/plancurricular051.pdf&quot;,&quot;is_external&quot;:&quot;on&quot;,&quot;nofollow&quot;:&quot;&quot;,&quot;custom_attributes&quot;:&quot;&quot;},&quot;href&quot;:&quot;http:\\\/\\\/www.unp.edu.pe\\\/plancurric\\\/plancurricular051.pdf&quot;}\" style=\"cursor: pointer\" class=\"elementor-element elementor-element-23f9602 e-con-full premium-wrapper-link-yes e-flex wpr-particle-no wpr-jarallax-no wpr-parallax-no wpr-sticky-section-no e-con e-child\" data-id=\"23f9602\" data-element_type=\"container\">\n\t\t\t\t<div class=\"elementor-element elementor-element-6e9d1c0 elementor-view-stacked elementor-shape-circle elementor-widget elementor-widget-icon\" data-id=\"6e9d1c0\" data-element_type=\"widget\" data-widget_type=\"icon.default\">\n\t\t\t\t<div class=\"elementor-widget-container\">\n\t\t\t\t\t\t\t<div class=\"elementor-icon-wrapper\">\n\t\t\t<div class=\"elementor-icon\">\n\t\t\t<svg aria-hidden=\"true\" class=\"e-font-icon-svg e-fas-file-download\" viewBox=\"0 0 384 512\" xmlns=\"http:\/\/www.w3.org\/2000\/svg\"><path d=\"M224 136V0H24C10.7 0 0 10.7 0 24v464c0 13.3 10.7 24 24 24h336c13.3 0 24-10.7 24-24V160H248c-13.2 0-24-10.8-24-24zm76.45 211.36l-96.42 95.7c-6.65 6.61-17.39 6.61-24.04 0l-96.42-95.7C73.42 337.29 80.54 320 94.82 320H160v-80c0-8.84 7.16-16 16-16h32c8.84 0 16 7.16 16 16v80h65.18c14.28 0 21.4 17.29 11.27 27.36zM377 105L279.1 7c-4.5-4.5-10.6-7-17-7H256v128h128v-6.1c0-6.3-2.5-12.4-7-16.9z\"><\/path><\/svg>\t\t\t<\/div>\n\t\t<\/div>\n\t\t\t\t\t\t<\/div>\n\t\t\t\t<\/div>\n\t\t\t\t<div class=\"elementor-element elementor-element-2a2dfec elementor-widget elementor-widget-heading\" data-id=\"2a2dfec\" data-element_type=\"widget\" data-widget_type=\"heading.default\">\n\t\t\t\t<div class=\"elementor-widget-container\">\n\t\t\t\t\t<h2 class=\"elementor-heading-title elementor-size-default\">Plan Curricular<\/h2>\t\t\t\t<\/div>\n\t\t\t\t<\/div>\n\t\t\t\t<\/div>\n\t\t<div data-premium-element-link=\"{&quot;type&quot;:&quot;url&quot;,&quot;link&quot;:{&quot;url&quot;:&quot;http:\\\/\\\/www.unp.edu.pe\\\/plancurric\\\/resolagroind.pdf&quot;,&quot;is_external&quot;:&quot;on&quot;,&quot;nofollow&quot;:&quot;&quot;,&quot;custom_attributes&quot;:&quot;&quot;},&quot;href&quot;:&quot;http:\\\/\\\/www.unp.edu.pe\\\/plancurric\\\/resolagroind.pdf&quot;}\" style=\"cursor: pointer\" class=\"elementor-element elementor-element-c3f1550 e-con-full premium-wrapper-link-yes e-flex wpr-particle-no wpr-jarallax-no wpr-parallax-no wpr-sticky-section-no e-con e-child\" data-id=\"c3f1550\" data-element_type=\"container\">\n\t\t\t\t<div class=\"elementor-element elementor-element-0d6e03c elementor-view-stacked elementor-shape-circle elementor-widget elementor-widget-icon\" data-id=\"0d6e03c\" data-element_type=\"widget\" data-widget_type=\"icon.default\">\n\t\t\t\t<div class=\"elementor-widget-container\">\n\t\t\t\t\t\t\t<div class=\"elementor-icon-wrapper\">\n\t\t\t<div class=\"elementor-icon\">\n\t\t\t<svg aria-hidden=\"true\" class=\"e-font-icon-svg e-fas-file-download\" viewBox=\"0 0 384 512\" xmlns=\"http:\/\/www.w3.org\/2000\/svg\"><path d=\"M224 136V0H24C10.7 0 0 10.7 0 24v464c0 13.3 10.7 24 24 24h336c13.3 0 24-10.7 24-24V160H248c-13.2 0-24-10.8-24-24zm76.45 211.36l-96.42 95.7c-6.65 6.61-17.39 6.61-24.04 0l-96.42-95.7C73.42 337.29 80.54 320 94.82 320H160v-80c0-8.84 7.16-16 16-16h32c8.84 0 16 7.16 16 16v80h65.18c14.28 0 21.4 17.29 11.27 27.36zM377 105L279.1 7c-4.5-4.5-10.6-7-17-7H256v128h128v-6.1c0-6.3-2.5-12.4-7-16.9z\"><\/path><\/svg>\t\t\t<\/div>\n\t\t<\/div>\n\t\t\t\t\t\t<\/div>\n\t\t\t\t<\/div>\n\t\t\t\t<div class=\"elementor-element elementor-element-f0455a7 elementor-widget elementor-widget-heading\" data-id=\"f0455a7\" data-element_type=\"widget\" data-widget_type=\"heading.default\">\n\t\t\t\t<div class=\"elementor-widget-container\">\n\t\t\t\t\t<h2 class=\"elementor-heading-title elementor-size-default\">Resoluciones<\/h2>\t\t\t\t<\/div>\n\t\t\t\t<\/div>\n\t\t\t\t<\/div>\n\t\t\t\t<\/div>\n\t\t\t\t<\/div>\n\t\t\t\t\t<\/div>\n\t\t\t\t<\/div>\n\t\t\t\t<\/div>\n\t\t","protected":false},"excerpt":{"rendered":"<p>CONOCE NUESTRA ESCUELA La Ingenier\u00eda Agroindustrial e Industrias Alimentarias es la rama de la ingenier\u00eda que tiene por objeto el planeamiento, dise\u00f1o, construcci\u00f3n, instalaci\u00f3n, mejoramiento y operaci\u00f3n de sistemas integrados por hombres, m\u00e1quinas y equipos, materias primas, ciencia, tecnolog\u00eda e ingenier\u00eda aplicado a los procesos agroalimentarios, realizando estudios simult\u00e1neos de todos los factores productivos que intervienen en este sistema de producci\u00f3n de bienes y\/o servicios, con juicio amplio e integrador, para resolver problemas que se presenten y optimizando las diferentes operaciones a realizar. Periodo Acad\u00e9mico 5 A\u00d1OS 10 CICLOS NUESTROS OBJETIVOS El aprendiz m\u00e1ximo trav\u00e9s de la innovaci\u00f3n, conservaci\u00f3n, normalizaci\u00f3n y el mejoramiento continuo de los diferentes procesos y productos con conocimiento anal\u00edtico, creativo y cr\u00edtico, esp\u00edritu emprendedor y capaz de aprovechar los diferentes procesos productivos generando y contribuyendo con el desarrollo del pa\u00eds en su entorno globalizado. La transformaci\u00f3n,\u00a0 innovaci\u00f3n de procesos productivos, aplicando las tecnolog\u00edas y que permiten aprovechar las materias primas e insumos para la satisfacci\u00f3n del consumidor con el prop\u00f3sito de darle un valor agregado. Formar profesionales de Ingenier\u00eda Agroindustrial e Industrias Alimentarias, competitivos, conocedores de la realidad socioecon\u00f3mica de su entorno y preparados acad\u00e9micamente para responder con \u00e9xito a los retos que le demande el mercado laboral.\u00a0\u00a0\u00a0 INFORMACI\u00d3N ACADEMICA Plan Curricular Resoluciones<\/p>\n","protected":false},"author":2,"featured_media":0,"parent":0,"menu_order":0,"comment_status":"closed","ping_status":"closed","template":"","meta":{"footnotes":""},"class_list":["post-4496","page","type-page","status-publish","hentry"],"_links":{"self":[{"href":"https:\/\/www.unp.edu.pe\/web\/wp-json\/wp\/v2\/pages\/4496","targetHints":{"allow":["GET"]}}],"collection":[{"href":"https:\/\/www.unp.edu.pe\/web\/wp-json\/wp\/v2\/pages"}],"about":[{"href":"https:\/\/www.unp.edu.pe\/web\/wp-json\/wp\/v2\/types\/page"}],"author":[{"embeddable":true,"href":"https:\/\/www.unp.edu.pe\/web\/wp-json\/wp\/v2\/users\/2"}],"replies":[{"embeddable":true,"href":"https:\/\/www.unp.edu.pe\/web\/wp-json\/wp\/v2\/comments?post=4496"}],"version-history":[{"count":11,"href":"https:\/\/www.unp.edu.pe\/web\/wp-json\/wp\/v2\/pages\/4496\/revisions"}],"predecessor-version":[{"id":7596,"href":"https:\/\/www.unp.edu.pe\/web\/wp-json\/wp\/v2\/pages\/4496\/revisions\/7596"}],"wp:attachment":[{"href":"https:\/\/www.unp.edu.pe\/web\/wp-json\/wp\/v2\/media?parent=4496"}],"curies":[{"name":"wp","href":"https:\/\/api.w.org\/{rel}","templated":true}]}}