{"id":5988,"date":"2024-12-02T16:13:59","date_gmt":"2024-12-02T15:13:59","guid":{"rendered":"https:\/\/www.unp.edu.pe\/web\/?page_id=5988"},"modified":"2025-04-22T20:28:17","modified_gmt":"2025-04-22T18:28:17","slug":"descubre-unp","status":"publish","type":"page","link":"https:\/\/www.unp.edu.pe\/web\/descubre-unp\/","title":{"rendered":"Descubre UNP"},"content":{"rendered":"\t\t<div data-elementor-type=\"wp-page\" data-elementor-id=\"5988\" class=\"elementor elementor-5988\">\n\t\t\t\t<div class=\"elementor-element elementor-element-799fea6 e-flex e-con-boxed wpr-particle-no wpr-jarallax-no wpr-parallax-no wpr-sticky-section-no e-con e-parent\" data-id=\"799fea6\" data-element_type=\"container\" data-settings=\"{&quot;background_background&quot;:&quot;classic&quot;}\">\n\t\t\t\t\t<div class=\"e-con-inner\">\n\t\t\t\t<div class=\"elementor-element elementor-element-6360fdf elementor-invisible elementor-widget elementor-widget-heading\" data-id=\"6360fdf\" data-element_type=\"widget\" data-settings=\"{&quot;_animation&quot;:&quot;fadeIn&quot;}\" data-widget_type=\"heading.default\">\n\t\t\t\t<div class=\"elementor-widget-container\">\n\t\t\t\t\t<h2 class=\"elementor-heading-title elementor-size-default\">Descubre UNP\n<\/h2>\t\t\t\t<\/div>\n\t\t\t\t<\/div>\n\t\t\t\t\t<\/div>\n\t\t\t\t<\/div>\n\t\t<div class=\"elementor-element elementor-element-ca508ea e-flex e-con-boxed wpr-particle-no wpr-jarallax-no wpr-parallax-no wpr-sticky-section-no e-con e-parent\" data-id=\"ca508ea\" data-element_type=\"container\">\n\t\t\t\t\t<div class=\"e-con-inner\">\n\t\t\t\t<div class=\"elementor-element elementor-element-2081eaf elementor-widget elementor-widget-upk-harold-list\" data-id=\"2081eaf\" data-element_type=\"widget\" data-widget_type=\"upk-harold-list.default\">\n\t\t\t\t<div class=\"elementor-widget-container\">\n\t\t\t\t\t\t\t<div class=\"upk-harold-list\">\n\t\t\t<div class=\"upk-list-wrap\">\n\n\t\t\t\t\n\t\t\t\t\t\t\t<div class=\"upk-item\">\n\t\t\t<div class=\"upk-item-box\">\n\t\t\t\t\t\t\t\t\t<div class=\"upk-image-wrap\">\n\t\t\t\t\t\t<img fetchpriority=\"high\" decoding=\"async\" width=\"300\" height=\"192\" src=\"https:\/\/www.unp.edu.pe\/web\/wp-content\/uploads\/2024\/11\/Equipos.001-1-1.png\" class=\"upk-img\" alt=\"UNP implementa laboratorios con equipos biomoleculares\" \/>\t\t\t\t\t<\/div>\n\t\t\t\t\t\t\t\t<div class=\"upk-content\">\n\t\t\t\t\t<div>\n\t\t\t\t\t\t\t\t<div class=\"upk-category\">\n\t\t\t<a href=\"https:\/\/www.unp.edu.pe\/web\/category\/descubre-la-unp\/\">Descubre la UNP<\/a>\t\t<\/div>\n\t\t\t\t\t\t\t<h3 class=\"upk-title\"><a href=\"https:\/\/www.unp.edu.pe\/web\/unp-implementa-laboratorios-con-equipos-biomoleculares\/\" title=\"UNP implementa laboratorios con equipos biomoleculares\" class=\"title-animation-underline\" >UNP implementa laboratorios con equipos biomoleculares<\/a><\/h3>\t\t\t\t\t\t\t\t\t\t\t\t<div class=\"upk-meta\">\n\t\t\t\t\t\t\t\n\t\t<div class=\"upk-author\">\n\t\t\t<a href=\"https:\/\/www.unp.edu.pe\/web\/author\/bryan\/\">\n\t\t\t\t<i class=\"upk-icon-user\"><\/i>\n\t\t\t\t<span class=\"upk-author-name\">bryan<\/span>\n\t\t\t<\/a>\n\t\t<\/div>\n\n\t\t\t\t\t\t\t\t\t\t\t\t\t\t\t\t<div data-separator=\".\">\n\t\t\t\t\t\t\t\t\t\t<div class=\"upk-flex\">\n\t\t\t<div class=\"upk-date\">\n\t\t\t\t<i class=\"upk-icon-calendar\"><\/i>\n\t\t\t\t<span class=\"upk-harold-date\">\n\t\t\t\t\t13 de noviembre de 2024\t\t\t\t<\/span>\n\t\t\t<\/div>\n\t\t\t\t\t<\/div>\n\n\t\t\t\t\t\t\t\t\t<\/div>\n\t\t\t\t\t\t\t\t\t\t\t\t\t\t\t\t\t\t\t\t<\/div>\n\t\t\t\t\t\t\t\t\t\t\t<\/div>\n\t\t\t\t<\/div>\n\t\t\t<\/div>\n\t\t<\/div>\n\n\t\n\t\t\t\t\n\t\t\t\t\t\t\t<div class=\"upk-item\">\n\t\t\t<div class=\"upk-item-box\">\n\t\t\t\t\t\t\t\t\t<div class=\"upk-image-wrap\">\n\t\t\t\t\t\t<img decoding=\"async\" width=\"300\" height=\"192\" src=\"https:\/\/www.unp.edu.pe\/web\/wp-content\/uploads\/2024\/11\/image-158-1.png\" class=\"upk-img\" alt=\"Conoce la ubicaci\u00f3n de los seis t\u00f3picos de la UNP\" \/>\t\t\t\t\t<\/div>\n\t\t\t\t\t\t\t\t<div class=\"upk-content\">\n\t\t\t\t\t<div>\n\t\t\t\t\t\t\t\t<div class=\"upk-category\">\n\t\t\t<a href=\"https:\/\/www.unp.edu.pe\/web\/category\/descubre-la-unp\/\">Descubre la UNP<\/a>\t\t<\/div>\n\t\t\t\t\t\t\t<h3 class=\"upk-title\"><a href=\"https:\/\/www.unp.edu.pe\/web\/conoce-la-ubicacion-de-los-seis-topicos-de-la-unp\/\" title=\"Conoce la ubicaci\u00f3n de los seis t\u00f3picos de la UNP\" class=\"title-animation-underline\" >Conoce la ubicaci\u00f3n de los seis t\u00f3picos de la UNP<\/a><\/h3>\t\t\t\t\t\t\t\t\t\t\t\t<div class=\"upk-meta\">\n\t\t\t\t\t\t\t\n\t\t<div class=\"upk-author\">\n\t\t\t<a href=\"https:\/\/www.unp.edu.pe\/web\/author\/bryan\/\">\n\t\t\t\t<i class=\"upk-icon-user\"><\/i>\n\t\t\t\t<span class=\"upk-author-name\">bryan<\/span>\n\t\t\t<\/a>\n\t\t<\/div>\n\n\t\t\t\t\t\t\t\t\t\t\t\t\t\t\t\t<div data-separator=\".\">\n\t\t\t\t\t\t\t\t\t\t<div class=\"upk-flex\">\n\t\t\t<div class=\"upk-date\">\n\t\t\t\t<i class=\"upk-icon-calendar\"><\/i>\n\t\t\t\t<span class=\"upk-harold-date\">\n\t\t\t\t\t13 de noviembre de 2024\t\t\t\t<\/span>\n\t\t\t<\/div>\n\t\t\t\t\t<\/div>\n\n\t\t\t\t\t\t\t\t\t<\/div>\n\t\t\t\t\t\t\t\t\t\t\t\t\t\t\t\t\t\t\t\t<\/div>\n\t\t\t\t\t\t\t\t\t\t\t<\/div>\n\t\t\t\t<\/div>\n\t\t\t<\/div>\n\t\t<\/div>\n\n\t\n\t\t\t\t\n\t\t\t\t\t\t\t<div class=\"upk-item\">\n\t\t\t<div class=\"upk-item-box\">\n\t\t\t\t\t\t\t\t\t<div class=\"upk-image-wrap\">\n\t\t\t\t\t\t<img decoding=\"async\" width=\"300\" height=\"192\" src=\"https:\/\/www.unp.edu.pe\/web\/wp-content\/uploads\/2024\/11\/propuestasfacpesqueria-1-1.png\" class=\"upk-img\" alt=\"Facultad de Pesquer\u00eda de UNP presenta propuestas para desarrollo de la pesca y\u00a0acuicultura\" \/>\t\t\t\t\t<\/div>\n\t\t\t\t\t\t\t\t<div class=\"upk-content\">\n\t\t\t\t\t<div>\n\t\t\t\t\t\t\t\t<div class=\"upk-category\">\n\t\t\t<a href=\"https:\/\/www.unp.edu.pe\/web\/category\/descubre-la-unp\/\">Descubre la UNP<\/a>\t\t<\/div>\n\t\t\t\t\t\t\t<h3 class=\"upk-title\"><a href=\"https:\/\/www.unp.edu.pe\/web\/facultad-de-pesqueria-de-unp-presenta-propuestas-para-desarrollo-de-la-pesca-y-acuicultura\/\" title=\"Facultad de Pesquer\u00eda de UNP presenta propuestas para desarrollo de la pesca y\u00a0acuicultura\" class=\"title-animation-underline\" >Facultad de Pesquer\u00eda de UNP presenta propuestas para desarrollo de la pesca y\u00a0acuicultura<\/a><\/h3>\t\t\t\t\t\t\t\t\t\t\t\t<div class=\"upk-meta\">\n\t\t\t\t\t\t\t\n\t\t<div class=\"upk-author\">\n\t\t\t<a href=\"https:\/\/www.unp.edu.pe\/web\/author\/bryan\/\">\n\t\t\t\t<i class=\"upk-icon-user\"><\/i>\n\t\t\t\t<span class=\"upk-author-name\">bryan<\/span>\n\t\t\t<\/a>\n\t\t<\/div>\n\n\t\t\t\t\t\t\t\t\t\t\t\t\t\t\t\t<div data-separator=\".\">\n\t\t\t\t\t\t\t\t\t\t<div class=\"upk-flex\">\n\t\t\t<div class=\"upk-date\">\n\t\t\t\t<i class=\"upk-icon-calendar\"><\/i>\n\t\t\t\t<span class=\"upk-harold-date\">\n\t\t\t\t\t13 de noviembre de 2024\t\t\t\t<\/span>\n\t\t\t<\/div>\n\t\t\t\t\t<\/div>\n\n\t\t\t\t\t\t\t\t\t<\/div>\n\t\t\t\t\t\t\t\t\t\t\t\t\t\t\t\t\t\t\t\t<\/div>\n\t\t\t\t\t\t\t\t\t\t\t<\/div>\n\t\t\t\t<\/div>\n\t\t\t<\/div>\n\t\t<\/div>\n\n\t\n\t\t\t\t\n\t\t\t\t\t\t\t<div class=\"upk-item\">\n\t\t\t<div class=\"upk-item-box\">\n\t\t\t\t\t\t\t\t\t<div class=\"upk-image-wrap\">\n\t\t\t\t\t\t<img loading=\"lazy\" decoding=\"async\" width=\"300\" height=\"192\" src=\"https:\/\/www.unp.edu.pe\/web\/wp-content\/uploads\/2024\/11\/neuromatematicas-1-1.png\" class=\"upk-img\" alt=\"Docente unepino propone estrategias neuromatem\u00e1ticas para mejorar ense\u00f1anza y\u00a0aprendizaje\" \/>\t\t\t\t\t<\/div>\n\t\t\t\t\t\t\t\t<div class=\"upk-content\">\n\t\t\t\t\t<div>\n\t\t\t\t\t\t\t\t<div class=\"upk-category\">\n\t\t\t<a href=\"https:\/\/www.unp.edu.pe\/web\/category\/descubre-la-unp\/\">Descubre la UNP<\/a>\t\t<\/div>\n\t\t\t\t\t\t\t<h3 class=\"upk-title\"><a href=\"https:\/\/www.unp.edu.pe\/web\/docente-unepino-propone-estrategias-neuromatematicas-para-mejorar-ensenanza-y-aprendizaje\/\" title=\"Docente unepino propone estrategias neuromatem\u00e1ticas para mejorar ense\u00f1anza y\u00a0aprendizaje\" class=\"title-animation-underline\" >Docente unepino propone estrategias neuromatem\u00e1ticas para mejorar ense\u00f1anza y\u00a0aprendizaje<\/a><\/h3>\t\t\t\t\t\t\t\t\t\t\t\t<div class=\"upk-meta\">\n\t\t\t\t\t\t\t\n\t\t<div class=\"upk-author\">\n\t\t\t<a href=\"https:\/\/www.unp.edu.pe\/web\/author\/bryan\/\">\n\t\t\t\t<i class=\"upk-icon-user\"><\/i>\n\t\t\t\t<span class=\"upk-author-name\">bryan<\/span>\n\t\t\t<\/a>\n\t\t<\/div>\n\n\t\t\t\t\t\t\t\t\t\t\t\t\t\t\t\t<div data-separator=\".\">\n\t\t\t\t\t\t\t\t\t\t<div class=\"upk-flex\">\n\t\t\t<div class=\"upk-date\">\n\t\t\t\t<i class=\"upk-icon-calendar\"><\/i>\n\t\t\t\t<span class=\"upk-harold-date\">\n\t\t\t\t\t13 de noviembre de 2024\t\t\t\t<\/span>\n\t\t\t<\/div>\n\t\t\t\t\t<\/div>\n\n\t\t\t\t\t\t\t\t\t<\/div>\n\t\t\t\t\t\t\t\t\t\t\t\t\t\t\t\t\t\t\t\t<\/div>\n\t\t\t\t\t\t\t\t\t\t\t<\/div>\n\t\t\t\t<\/div>\n\t\t\t<\/div>\n\t\t<\/div>\n\n\t\n\t\t\t\t\n\t\t\t\t\t\t\t<div class=\"upk-item\">\n\t\t\t<div class=\"upk-item-box\">\n\t\t\t\t\t\t\t\t\t<div class=\"upk-image-wrap\">\n\t\t\t\t\t\t<img loading=\"lazy\" decoding=\"async\" width=\"300\" height=\"300\" src=\"https:\/\/www.unp.edu.pe\/web\/wp-content\/uploads\/2024\/11\/transporteunpreactivado.jpg\" class=\"upk-img\" alt=\"UNP reactiva Servicio de transporte gratuito a sus estudiantes\" \/>\t\t\t\t\t<\/div>\n\t\t\t\t\t\t\t\t<div class=\"upk-content\">\n\t\t\t\t\t<div>\n\t\t\t\t\t\t\t\t<div class=\"upk-category\">\n\t\t\t<a href=\"https:\/\/www.unp.edu.pe\/web\/category\/descubre-la-unp\/\">Descubre la UNP<\/a> <a href=\"https:\/\/www.unp.edu.pe\/web\/category\/sin-categoria\/\">Sin categor\u00eda<\/a>\t\t<\/div>\n\t\t\t\t\t\t\t<h3 class=\"upk-title\"><a href=\"https:\/\/www.unp.edu.pe\/web\/unp-reactiva-servicio-de-transporte-gratuito-a-sus-estudiantes\/\" title=\"UNP reactiva Servicio de transporte gratuito a sus estudiantes\" class=\"title-animation-underline\" >UNP reactiva Servicio de transporte gratuito a sus estudiantes<\/a><\/h3>\t\t\t\t\t\t\t\t\t\t\t\t<div class=\"upk-meta\">\n\t\t\t\t\t\t\t\n\t\t<div class=\"upk-author\">\n\t\t\t<a href=\"https:\/\/www.unp.edu.pe\/web\/author\/bryan\/\">\n\t\t\t\t<i class=\"upk-icon-user\"><\/i>\n\t\t\t\t<span class=\"upk-author-name\">bryan<\/span>\n\t\t\t<\/a>\n\t\t<\/div>\n\n\t\t\t\t\t\t\t\t\t\t\t\t\t\t\t\t<div data-separator=\".\">\n\t\t\t\t\t\t\t\t\t\t<div class=\"upk-flex\">\n\t\t\t<div class=\"upk-date\">\n\t\t\t\t<i class=\"upk-icon-calendar\"><\/i>\n\t\t\t\t<span class=\"upk-harold-date\">\n\t\t\t\t\t12 de octubre de 2024\t\t\t\t<\/span>\n\t\t\t<\/div>\n\t\t\t\t\t<\/div>\n\n\t\t\t\t\t\t\t\t\t<\/div>\n\t\t\t\t\t\t\t\t\t\t\t\t\t\t\t\t\t\t\t\t<\/div>\n\t\t\t\t\t\t\t\t\t\t\t<\/div>\n\t\t\t\t<\/div>\n\t\t\t<\/div>\n\t\t<\/div>\n\n\t\n\t\t\t\t\t\t\t<\/div>\n\t\t<\/div>\n\n\t\t\t\t\t\t<\/div>\n\t\t\t\t<\/div>\n\t\t\t\t\t<\/div>\n\t\t\t\t<\/div>\n\t\t\t\t<\/div>\n\t\t","protected":false},"excerpt":{"rendered":"<p>Descubre UNP Descubre la UNP UNP implementa laboratorios con equipos biomoleculares bryan 13 de noviembre de 2024 Descubre la UNP Conoce la ubicaci\u00f3n de los seis t\u00f3picos de la UNP bryan 13 de noviembre de 2024 Descubre la UNP Facultad de Pesquer\u00eda de UNP presenta propuestas para desarrollo de la pesca y\u00a0acuicultura bryan 13 de noviembre de 2024 Descubre la UNP Docente unepino propone estrategias neuromatem\u00e1ticas para mejorar ense\u00f1anza y\u00a0aprendizaje bryan 13 de noviembre de 2024 Descubre la UNP UNP reactiva Servicio de transporte gratuito a sus estudiantes bryan 13 de noviembre de 2024<\/p>\n","protected":false},"author":2,"featured_media":0,"parent":0,"menu_order":0,"comment_status":"closed","ping_status":"closed","template":"","meta":{"footnotes":""},"class_list":["post-5988","page","type-page","status-publish","hentry"],"_links":{"self":[{"href":"https:\/\/www.unp.edu.pe\/web\/wp-json\/wp\/v2\/pages\/5988","targetHints":{"allow":["GET"]}}],"collection":[{"href":"https:\/\/www.unp.edu.pe\/web\/wp-json\/wp\/v2\/pages"}],"about":[{"href":"https:\/\/www.unp.edu.pe\/web\/wp-json\/wp\/v2\/types\/page"}],"author":[{"embeddable":true,"href":"https:\/\/www.unp.edu.pe\/web\/wp-json\/wp\/v2\/users\/2"}],"replies":[{"embeddable":true,"href":"https:\/\/www.unp.edu.pe\/web\/wp-json\/wp\/v2\/comments?post=5988"}],"version-history":[{"count":7,"href":"https:\/\/www.unp.edu.pe\/web\/wp-json\/wp\/v2\/pages\/5988\/revisions"}],"predecessor-version":[{"id":8286,"href":"https:\/\/www.unp.edu.pe\/web\/wp-json\/wp\/v2\/pages\/5988\/revisions\/8286"}],"wp:attachment":[{"href":"https:\/\/www.unp.edu.pe\/web\/wp-json\/wp\/v2\/media?parent=5988"}],"curies":[{"name":"wp","href":"https:\/\/api.w.org\/{rel}","templated":true}]}}